{"id":8323,"date":"2024-09-24T09:10:28","date_gmt":"2024-09-24T13:10:28","guid":{"rendered":"https:\/\/montanastaging.com\/?post_type=product&#038;p=8323"},"modified":"2024-10-03T09:30:24","modified_gmt":"2024-10-03T13:30:24","slug":"insulplus","status":"publish","type":"product","link":"https:\/\/elastochem.com\/fr\/product\/insulplus\/","title":{"rendered":"Insulplus+ Nettoyants et lubrifiants"},"content":{"rendered":"<div data-elementor-type=\"wp-post\" data-elementor-id=\"8323\" class=\"elementor elementor-8323\" data-elementor-settings=\"{&quot;element_pack_global_tooltip_width&quot;:{&quot;unit&quot;:&quot;px&quot;,&quot;size&quot;:&quot;&quot;,&quot;sizes&quot;:[]},&quot;element_pack_global_tooltip_width_laptop&quot;:{&quot;unit&quot;:&quot;px&quot;,&quot;size&quot;:&quot;&quot;,&quot;sizes&quot;:[]},&quot;element_pack_global_tooltip_width_tablet_extra&quot;:{&quot;unit&quot;:&quot;px&quot;,&quot;size&quot;:&quot;&quot;,&quot;sizes&quot;:[]},&quot;element_pack_global_tooltip_width_tablet&quot;:{&quot;unit&quot;:&quot;px&quot;,&quot;size&quot;:&quot;&quot;,&quot;sizes&quot;:[]},&quot;element_pack_global_tooltip_width_mobile&quot;:{&quot;unit&quot;:&quot;px&quot;,&quot;size&quot;:&quot;&quot;,&quot;sizes&quot;:[]},&quot;element_pack_global_tooltip_padding&quot;:{&quot;unit&quot;:&quot;px&quot;,&quot;top&quot;:&quot;&quot;,&quot;right&quot;:&quot;&quot;,&quot;bottom&quot;:&quot;&quot;,&quot;left&quot;:&quot;&quot;,&quot;isLinked&quot;:true},&quot;element_pack_global_tooltip_padding_laptop&quot;:{&quot;unit&quot;:&quot;px&quot;,&quot;top&quot;:&quot;&quot;,&quot;right&quot;:&quot;&quot;,&quot;bottom&quot;:&quot;&quot;,&quot;left&quot;:&quot;&quot;,&quot;isLinked&quot;:true},&quot;element_pack_global_tooltip_padding_tablet_extra&quot;:{&quot;unit&quot;:&quot;px&quot;,&quot;top&quot;:&quot;&quot;,&quot;right&quot;:&quot;&quot;,&quot;bottom&quot;:&quot;&quot;,&quot;left&quot;:&quot;&quot;,&quot;isLinked&quot;:true},&quot;element_pack_global_tooltip_padding_tablet&quot;:{&quot;unit&quot;:&quot;px&quot;,&quot;top&quot;:&quot;&quot;,&quot;right&quot;:&quot;&quot;,&quot;bottom&quot;:&quot;&quot;,&quot;left&quot;:&quot;&quot;,&quot;isLinked&quot;:true},&quot;element_pack_global_tooltip_padding_mobile&quot;:{&quot;unit&quot;:&quot;px&quot;,&quot;top&quot;:&quot;&quot;,&quot;right&quot;:&quot;&quot;,&quot;bottom&quot;:&quot;&quot;,&quot;left&quot;:&quot;&quot;,&quot;isLinked&quot;:true},&quot;element_pack_global_tooltip_border_radius&quot;:{&quot;unit&quot;:&quot;px&quot;,&quot;top&quot;:&quot;&quot;,&quot;right&quot;:&quot;&quot;,&quot;bottom&quot;:&quot;&quot;,&quot;left&quot;:&quot;&quot;,&quot;isLinked&quot;:true},&quot;element_pack_global_tooltip_border_radius_laptop&quot;:{&quot;unit&quot;:&quot;px&quot;,&quot;top&quot;:&quot;&quot;,&quot;right&quot;:&quot;&quot;,&quot;bottom&quot;:&quot;&quot;,&quot;left&quot;:&quot;&quot;,&quot;isLinked&quot;:true},&quot;element_pack_global_tooltip_border_radius_tablet_extra&quot;:{&quot;unit&quot;:&quot;px&quot;,&quot;top&quot;:&quot;&quot;,&quot;right&quot;:&quot;&quot;,&quot;bottom&quot;:&quot;&quot;,&quot;left&quot;:&quot;&quot;,&quot;isLinked&quot;:true},&quot;element_pack_global_tooltip_border_radius_tablet&quot;:{&quot;unit&quot;:&quot;px&quot;,&quot;top&quot;:&quot;&quot;,&quot;right&quot;:&quot;&quot;,&quot;bottom&quot;:&quot;&quot;,&quot;left&quot;:&quot;&quot;,&quot;isLinked&quot;:true},&quot;element_pack_global_tooltip_border_radius_mobile&quot;:{&quot;unit&quot;:&quot;px&quot;,&quot;top&quot;:&quot;&quot;,&quot;right&quot;:&quot;&quot;,&quot;bottom&quot;:&quot;&quot;,&quot;left&quot;:&quot;&quot;,&quot;isLinked&quot;:true}}\" data-elementor-post-type=\"product\">\n\t\t\t\t\t\t<section class=\"elementor-section elementor-top-section elementor-element elementor-element-5e9ae6cd elementor-section-full_width elementor-section-height-default elementor-section-height-default\" data-id=\"5e9ae6cd\" data-element_type=\"section\" data-e-type=\"section\">\n\t\t\t\t\t\t<div class=\"elementor-container elementor-column-gap-default\">\n\t\t\t\t\t<div class=\"elementor-column elementor-col-50 elementor-top-column elementor-element elementor-element-3b776665 bdt-backdrop-filter-yes bdt-filter-backdrop\" data-id=\"3b776665\" data-element_type=\"column\" data-e-type=\"column\" data-settings=\"{&quot;background_background&quot;:&quot;classic&quot;}\">\n\t\t\t<div class=\"elementor-widget-wrap elementor-element-populated\">\n\t\t\t\t\t<div class=\"elementor-background-overlay\"><\/div>\n\t\t\t\t\t\t<div class=\"elementor-element elementor-element-15e78897 elementor-widget__width-initial elementor-widget elementor-widget-image\" data-id=\"15e78897\" data-element_type=\"widget\" data-e-type=\"widget\" data-widget_type=\"image.default\">\n\t\t\t\t<div class=\"elementor-widget-container\">\n\t\t\t\t\t\t\t\t\t\t\t\t\t\t\t<img fetchpriority=\"high\" decoding=\"async\" width=\"564\" height=\"166\" src=\"https:\/\/elastochem.com\/wp-content\/uploads\/2024\/09\/Insulplus-Logo-White-Elastochem.png\" class=\"attachment-medium_large size-medium_large wp-image-8415\" alt=\"Insuplus elastochem logo\" srcset=\"https:\/\/elastochem.com\/wp-content\/uploads\/2024\/09\/Insulplus-Logo-White-Elastochem.png 564w, https:\/\/elastochem.com\/wp-content\/uploads\/2024\/09\/Insulplus-Logo-White-Elastochem-300x88.png 300w, https:\/\/elastochem.com\/wp-content\/uploads\/2024\/09\/Insulplus-Logo-White-Elastochem-18x5.png 18w\" sizes=\"(max-width: 564px) 100vw, 564px\" \/>\t\t\t\t\t\t\t\t\t\t\t\t\t\t\t<\/div>\n\t\t\t\t<\/div>\n\t\t\t\t\t<\/div>\n\t\t<\/div>\n\t\t\t\t<div class=\"elementor-column elementor-col-50 elementor-top-column elementor-element elementor-element-521c3de4\" data-id=\"521c3de4\" data-element_type=\"column\" data-e-type=\"column\">\n\t\t\t<div class=\"elementor-widget-wrap elementor-element-populated\">\n\t\t\t\t\t\t<div class=\"elementor-element elementor-element-66d29c0d elementor-widget elementor-widget-bdt-breadcrumbs\" data-id=\"66d29c0d\" data-element_type=\"widget\" data-e-type=\"widget\" data-widget_type=\"bdt-breadcrumbs.default\">\n\t\t\t\t<div class=\"elementor-widget-container\">\n\t\t\t\t\t<div class='bdt-ep-breadcrumbs-wrapper'><ul class=\"bdt-ep-breadcrumb breadcrumb-align-left\"><li><a href=\"https:\/\/elastochem.com\/fr\/\">Elastochem<\/a><\/li>\n<li><span> Produit<\/span><\/li>\n<\/ul><\/div>\t\t\t\t<\/div>\n\t\t\t\t<\/div>\n\t\t\t\t<div class=\"elementor-element elementor-element-64779156 elementor-widget__width-initial elementor-widget elementor-widget-heading\" data-id=\"64779156\" data-element_type=\"widget\" data-e-type=\"widget\" data-widget_type=\"heading.default\">\n\t\t\t\t<div class=\"elementor-widget-container\">\n\t\t\t\t\t<h2 class=\"elementor-heading-title elementor-size-default\">Insulplus+<\/h2>\t\t\t\t<\/div>\n\t\t\t\t<\/div>\n\t\t\t\t<div class=\"elementor-element elementor-element-fa6199a elementor-widget__width-initial elementor-widget elementor-widget-text-editor\" data-id=\"fa6199a\" data-element_type=\"widget\" data-e-type=\"widget\" data-widget_type=\"text-editor.default\">\n\t\t\t\t<div class=\"elementor-widget-container\">\n\t\t\t\t\t\t\t\t\t<p>Nettoyants et lubrifiants<\/p>\t\t\t\t\t\t\t\t<\/div>\n\t\t\t\t<\/div>\n\t\t\t\t<div class=\"elementor-element elementor-element-5f34b44 elementor-widget__width-initial elementor-widget elementor-widget-text-editor\" data-id=\"5f34b44\" data-element_type=\"widget\" data-e-type=\"widget\" data-widget_type=\"text-editor.default\">\n\t\t\t\t<div class=\"elementor-widget-container\">\n\t\t\t\t\t\t\t\t\t<p>Depuis de nombreuses ann\u00e9es, nous remportons un succ\u00e8s remarquable en assurant le fonctionnement continu des \u00e9quipements de nos clients. Ce qui a commenc\u00e9 par de petites innovations pour aider nos clients a \u00e9volu\u00e9 vers une gamme compl\u00e8te de produits. Insulplus+ est notre gamme de nettoyants et de lubrifiants con\u00e7us sp\u00e9cifiquement pour l'entretien des \u00e9quipements de mousse pulv\u00e9ris\u00e9e et de polyur\u00e9e. Contactez-nous d\u00e8s aujourd'hui pour en savoir plus ou pour passer une commande.<\/p>\t\t\t\t\t\t\t\t<\/div>\n\t\t\t\t<\/div>\n\t\t\t\t<div class=\"elementor-element elementor-element-2095059a elementor-align-left elementor-mobile-align-left elementor-widget elementor-widget-button\" data-id=\"2095059a\" data-element_type=\"widget\" data-e-type=\"widget\" data-widget_type=\"button.default\">\n\t\t\t\t<div class=\"elementor-widget-container\">\n\t\t\t\t\t\t\t\t\t<div class=\"elementor-button-wrapper\">\n\t\t\t\t\t<a class=\"elementor-button elementor-button-link elementor-size-sm\" href=\"\/fr\/where-to-buy\/\">\n\t\t\t\t\t\t<span class=\"elementor-button-content-wrapper\">\n\t\t\t\t\t\t\t\t\t<span class=\"elementor-button-text\">Nous contacter<\/span>\n\t\t\t\t\t<\/span>\n\t\t\t\t\t<\/a>\n\t\t\t\t<\/div>\n\t\t\t\t\t\t\t\t<\/div>\n\t\t\t\t<\/div>\n\t\t\t\t\t<\/div>\n\t\t<\/div>\n\t\t\t\t\t<\/div>\n\t\t<\/section>\n\t\t\t\t<section class=\"elementor-section elementor-top-section elementor-element elementor-element-5373b1ad elementor-section-full_width KeyFeatureBG elementor-section-height-default elementor-section-height-default\" data-id=\"5373b1ad\" data-element_type=\"section\" data-e-type=\"section\" data-settings=\"{&quot;background_background&quot;:&quot;gradient&quot;}\">\n\t\t\t\t\t\t<div class=\"elementor-container elementor-column-gap-default\">\n\t\t\t\t\t<div class=\"elementor-column elementor-col-100 elementor-top-column elementor-element elementor-element-451341af\" data-id=\"451341af\" data-element_type=\"column\" data-e-type=\"column\">\n\t\t\t<div class=\"elementor-widget-wrap elementor-element-populated\">\n\t\t\t\t\t\t<section class=\"elementor-section elementor-inner-section elementor-element elementor-element-16c95818 elementor-section-boxed elementor-section-height-default elementor-section-height-default\" data-id=\"16c95818\" data-element_type=\"section\" data-e-type=\"section\">\n\t\t\t\t\t\t<div class=\"elementor-container elementor-column-gap-default\">\n\t\t\t\t\t<div class=\"elementor-column elementor-col-50 elementor-inner-column elementor-element elementor-element-69b857c8 docTypeCol\" data-id=\"69b857c8\" data-element_type=\"column\" data-e-type=\"column\">\n\t\t\t<div class=\"elementor-widget-wrap elementor-element-populated\">\n\t\t\t\t\t\t<div class=\"elementor-element elementor-element-5ff8c730 elementor-widget elementor-widget-heading\" data-id=\"5ff8c730\" data-element_type=\"widget\" data-e-type=\"widget\" data-widget_type=\"heading.default\">\n\t\t\t\t<div class=\"elementor-widget-container\">\n\t\t\t\t\t<h2 class=\"elementor-heading-title elementor-size-default\">Documents et ressources<\/h2>\t\t\t\t<\/div>\n\t\t\t\t<\/div>\n\t\t\t\t<div class=\"elementor-element elementor-element-4e8fde3e elementor-widget elementor-widget-shortcode\" data-id=\"4e8fde3e\" data-element_type=\"widget\" data-e-type=\"widget\" data-widget_type=\"shortcode.default\">\n\t\t\t\t<div class=\"elementor-widget-container\">\n\t\t\t\t\t\t\t<div class=\"elementor-shortcode\"><div class='docProducts'><div class='document_section'><div class='inner_section'><a href=\"https:\/\/res.cloudinary.com\/elastochem\/image\/upload\/v1755193610\/FR_-_Insulplus_ProductLine_SellSheet_Rev1_k9s9n8.pdf\"><div class='docImg'><img src='\/wp-content\/uploads\/2023\/08\/pdf-1@3x.png' alt='Doc Image'><\/div><div class='docsTexts'><div class='doc_sec_title'>Ligne de produits Insulplus+ - Fiche d'information<\/div><div class='doc_short_desc'>Cliquez pour voir ce document<\/div><\/div><\/a><\/div><\/div><\/div><\/div>\n\t\t\t\t\t\t<\/div>\n\t\t\t\t<\/div>\n\t\t\t\t<div class=\"elementor-element elementor-element-2b84539c elementor-align-center elementor-widget elementor-widget-button\" data-id=\"2b84539c\" data-element_type=\"widget\" data-e-type=\"widget\" data-widget_type=\"button.default\">\n\t\t\t\t<div class=\"elementor-widget-container\">\n\t\t\t\t\t\t\t\t\t<div class=\"elementor-button-wrapper\">\n\t\t\t\t\t<a class=\"elementor-button elementor-button-link elementor-size-sm\" href=\"https:\/\/elastochem.com\/fr\/resources\/\">\n\t\t\t\t\t\t<span class=\"elementor-button-content-wrapper\">\n\t\t\t\t\t\t\t\t\t<span class=\"elementor-button-text\">Toutes les ressources<\/span>\n\t\t\t\t\t<\/span>\n\t\t\t\t\t<\/a>\n\t\t\t\t<\/div>\n\t\t\t\t\t\t\t\t<\/div>\n\t\t\t\t<\/div>\n\t\t\t\t\t<\/div>\n\t\t<\/div>\n\t\t\t\t<div class=\"elementor-column elementor-col-50 elementor-inner-column elementor-element elementor-element-69a234a\" data-id=\"69a234a\" data-element_type=\"column\" data-e-type=\"column\">\n\t\t\t<div class=\"elementor-widget-wrap\">\n\t\t\t\t\t\t\t<\/div>\n\t\t<\/div>\n\t\t\t\t\t<\/div>\n\t\t<\/section>\n\t\t\t\t<section class=\"elementor-section elementor-inner-section elementor-element elementor-element-4113c7b5 elementor-section-boxed elementor-section-height-default elementor-section-height-default\" data-id=\"4113c7b5\" data-element_type=\"section\" data-e-type=\"section\">\n\t\t\t\t\t\t<div class=\"elementor-container elementor-column-gap-default\">\n\t\t\t\t\t<div class=\"elementor-column elementor-col-100 elementor-inner-column elementor-element elementor-element-120a298f\" data-id=\"120a298f\" data-element_type=\"column\" data-e-type=\"column\">\n\t\t\t<div class=\"elementor-widget-wrap elementor-element-populated\">\n\t\t\t\t\t\t<div class=\"elementor-element elementor-element-7ae4f21 elementor-widget elementor-widget-heading\" data-id=\"7ae4f21\" data-element_type=\"widget\" data-e-type=\"widget\" data-widget_type=\"heading.default\">\n\t\t\t\t<div class=\"elementor-widget-container\">\n\t\t\t\t\t<h2 class=\"elementor-heading-title elementor-size-default\">Produits Insulplus<\/h2>\t\t\t\t<\/div>\n\t\t\t\t<\/div>\n\t\t\t\t<div class=\"elementor-element elementor-element-190c7970 elementor-widget__width-initial elementor-widget-tablet__width-inherit elementor-widget-laptop__width-initial elementor-widget elementor-widget-text-editor\" data-id=\"190c7970\" data-element_type=\"widget\" data-e-type=\"widget\" data-widget_type=\"text-editor.default\">\n\t\t\t\t<div class=\"elementor-widget-container\">\n\t\t\t\t\t\t\t\t\t<p>En savoir plus sur les diff\u00e9rents produits disponibles dans la gamme de nettoyants et lubrifiants Insulplus+.<\/p>\t\t\t\t\t\t\t\t<\/div>\n\t\t\t\t<\/div>\n\t\t\t\t\t<\/div>\n\t\t<\/div>\n\t\t\t\t\t<\/div>\n\t\t<\/section>\n\t\t\t\t<section class=\"elementor-section elementor-inner-section elementor-element elementor-element-13008bde proHighSLider ovetHidden sliderFullWidth elementor-section-boxed elementor-section-height-default elementor-section-height-default\" data-id=\"13008bde\" data-element_type=\"section\" data-e-type=\"section\">\n\t\t\t\t\t\t<div class=\"elementor-container elementor-column-gap-default\">\n\t\t\t\t\t<div class=\"elementor-column elementor-col-100 elementor-inner-column elementor-element elementor-element-62644c3f\" data-id=\"62644c3f\" data-element_type=\"column\" data-e-type=\"column\">\n\t\t\t<div class=\"elementor-widget-wrap elementor-element-populated\">\n\t\t\t\t\t\t<div class=\"elementor-element elementor-element-9e1f99 productHighlightsBox elementor-widget elementor-widget-shortcode\" data-id=\"9e1f99\" data-element_type=\"widget\" data-e-type=\"widget\" data-widget_type=\"shortcode.default\">\n\t\t\t\t<div class=\"elementor-widget-container\">\n\t\t\t\t\t\t\t<div class=\"elementor-shortcode\"><div id=\"productHighlights\" class=\"productHighlights\"><div class=\"productsHigh\" style=\"background-image: url();\">\n\t\t        <div class=\"productsOverlay\">\n\t\t            <div class=\"labelsTop\">\n\t\t                <h5>CS Fluide<\/h5>\n\t\t                <h3>Fluide pour les pistolets \u00e0 mousse pulv\u00e9ris\u00e9e \u00e0 purge de solvant<\/h3>\n\t\t                <p>Ce solvant de nettoyage est une solution sp\u00e9cialis\u00e9e con\u00e7ue pour les pistolets de pulv\u00e9risation qui utilisent un solvant pour la purge. Ce fluide permet de r\u00e9duire les temps d'arr\u00eat et d'entretenir les composants internes du pistolet, assurant ainsi une performance optimale de l'\u00e9quipement.<\/p>\n\t\t            <\/div>\n\t\t            <a href=\"\" class=\"learnMoreBtn\"><\/a>\n\t\t        <\/div>\n\t\t    <\/div><div class=\"productsHigh\" style=\"background-image: url();\">\n\t\t        <div class=\"productsOverlay\">\n\t\t            <div class=\"labelsTop\">\n\t\t                <h5>Nettoyeur de pi\u00e8ces<\/h5>\n\t\t                <h3>Solvant de nettoyage g\u00e9n\u00e9ral pour ur\u00e9thanes<\/h3>\n\t\t                <p>Cette solution polyvalente \u00e9limine efficacement les r\u00e9sidus tenaces, assurant la long\u00e9vit\u00e9 de l'\u00e9quipement et contribuant \u00e0 maintenir des performances optimales. Elle rationalise les processus de nettoyage et am\u00e9liore l'efficacit\u00e9 des flux de travail.<\/p>\n\t\t            <\/div>\n\t\t            <a href=\"\" class=\"learnMoreBtn\"><\/a>\n\t\t        <\/div>\n\t\t    <\/div><div class=\"productsHigh\" style=\"background-image: url();\">\n\t\t        <div class=\"productsOverlay\">\n\t\t            <div class=\"labelsTop\">\n\t\t                <h5>Lubrification de la pompe<\/h5>\n\t\t                <h3>Lubrifiant pour l'entretien g\u00e9n\u00e9ral des pompes<\/h3>\n\t\t                <p>Un lubrifiant sp\u00e9cialis\u00e9 pour les pi\u00e8ces en mousse pulv\u00e9ris\u00e9e est essentiel pour leur protection et leur entretien. Cette formulation prot\u00e8ge contre l'usure et r\u00e9duit la friction, assurant la long\u00e9vit\u00e9 et la performance de l'\u00e9quipement.<\/p>\n\t\t            <\/div>\n\t\t            <a href=\"\" class=\"learnMoreBtn\"><\/a>\n\t\t        <\/div>\n\t\t    <\/div><div class=\"productsHigh\" style=\"background-image: url();\">\n\t\t        <div class=\"productsOverlay\">\n\t\t            <div class=\"labelsTop\">\n\t\t                <h5>Ripper PU<\/h5>\n\t\t                <h3>Solvant de nettoyage intensif pour ur\u00e9thanes<\/h3>\n\t\t                <p>Cette formulation sp\u00e9cialis\u00e9e de qualit\u00e9 industrielle est utilis\u00e9e pour enlever et dissoudre le polyur\u00e9thane durci. Elle d\u00e9compose et \u00e9limine efficacement les r\u00e9sidus tenaces, garantissant ainsi la long\u00e9vit\u00e9 de l'\u00e9quipement. Ce produit n'est pas destin\u00e9 \u00e0 l'entretien g\u00e9n\u00e9ral des pi\u00e8ces et des \u00e9quipements et ne doit \u00eatre utilis\u00e9 que lorsque l'\u00e9quipement ne peut \u00eatre r\u00e9par\u00e9 rapidement.<\/p>\n\t\t            <\/div>\n\t\t            <a href=\"\" class=\"learnMoreBtn\"><\/a>\n\t\t        <\/div>\n\t\t    <\/div><div class=\"productsHigh\" style=\"background-image: url();\">\n\t\t        <div class=\"productsOverlay\">\n\t\t            <div class=\"labelsTop\">\n\t\t                <h5>Graisse<\/h5>\n\t\t                <h3>Graisse \u00e0 usage g\u00e9n\u00e9ral pour pi\u00e8ces et \u00e9quipements<\/h3>\n\t\t                <p>Notre graisse est sp\u00e9cifiquement formul\u00e9e pour les pi\u00e8ces et \u00e9quipements\r\npour les pi\u00e8ces et \u00e9quipements en mousse pulv\u00e9ris\u00e9e afin de ne pas r\u00e9agir\r\navec l'isocyanate. L'utilisation r\u00e9guli\u00e8re de la graisse Insulplus+\r\npermet d'augmenter la dur\u00e9e entre les\r\nentre les remises en \u00e9tat des pistolets de pulv\u00e9risation.<\/p>\n\t\t            <\/div>\n\t\t            <a href=\"\" class=\"learnMoreBtn\"><\/a>\n\t\t        <\/div>\n\t\t    <\/div><\/div><\/div>\n\t\t\t\t\t\t<\/div>\n\t\t\t\t<\/div>\n\t\t\t\t\t<\/div>\n\t\t<\/div>\n\t\t\t\t\t<\/div>\n\t\t<\/section>\n\t\t\t\t\t<\/div>\n\t\t<\/div>\n\t\t\t\t\t<\/div>\n\t\t<\/section>\n\t\t\t\t<section class=\"elementor-section elementor-top-section elementor-element elementor-element-5a4846c6 proHighBox ovetHidden sliderFullWidth elementor-hidden-desktop elementor-hidden-laptop elementor-hidden-tablet_extra elementor-hidden-tablet elementor-hidden-mobile elementor-section-boxed elementor-section-height-default elementor-section-height-default\" data-id=\"5a4846c6\" data-element_type=\"section\" data-e-type=\"section\" data-settings=\"{&quot;background_background&quot;:&quot;classic&quot;}\">\n\t\t\t\t\t\t<div class=\"elementor-container elementor-column-gap-default\">\n\t\t\t\t\t<div class=\"elementor-column elementor-col-100 elementor-top-column elementor-element elementor-element-31723ba0\" data-id=\"31723ba0\" data-element_type=\"column\" data-e-type=\"column\">\n\t\t\t<div class=\"elementor-widget-wrap elementor-element-populated\">\n\t\t\t\t\t\t<div class=\"elementor-element elementor-element-60d6bd3a elementor-widget elementor-widget-heading\" data-id=\"60d6bd3a\" data-element_type=\"widget\" data-e-type=\"widget\" data-widget_type=\"heading.default\">\n\t\t\t\t<div class=\"elementor-widget-container\">\n\t\t\t\t\t<h2 class=\"elementor-heading-title elementor-size-default\">Produits apparent\u00e9s<\/h2>\t\t\t\t<\/div>\n\t\t\t\t<\/div>\n\t\t\t\t<div class=\"elementor-element elementor-element-584339c8 productHighlightsBox elementor-widget elementor-widget-shortcode\" data-id=\"584339c8\" data-element_type=\"widget\" data-e-type=\"widget\" data-widget_type=\"shortcode.default\">\n\t\t\t\t<div class=\"elementor-widget-container\">\n\t\t\t\t\t\t\t<div class=\"elementor-shortcode\"><div class=\"csa-message\"><span class=\"csa-error\">Aucun poste connexe n'a \u00e9t\u00e9 trouv\u00e9.<\/span><\/div><\/div>\n\t\t\t\t\t\t<\/div>\n\t\t\t\t<\/div>\n\t\t\t\t\t<\/div>\n\t\t<\/div>\n\t\t\t\t\t<\/div>\n\t\t<\/section>\n\t\t\t\t<section class=\"elementor-section elementor-top-section elementor-element elementor-element-1b81acc1 elementor-section-boxed elementor-section-height-default elementor-section-height-default\" data-id=\"1b81acc1\" data-element_type=\"section\" data-e-type=\"section\" data-settings=\"{&quot;background_background&quot;:&quot;classic&quot;}\">\n\t\t\t\t\t\t<div class=\"elementor-container elementor-column-gap-default\">\n\t\t\t\t\t<div class=\"elementor-column elementor-col-100 elementor-top-column elementor-element elementor-element-43538d7e\" data-id=\"43538d7e\" data-element_type=\"column\" data-e-type=\"column\" data-settings=\"{&quot;background_background&quot;:&quot;classic&quot;}\">\n\t\t\t<div class=\"elementor-widget-wrap elementor-element-populated\">\n\t\t\t\t\t\t<section class=\"elementor-section elementor-inner-section elementor-element elementor-element-602db89 elementor-section-boxed elementor-section-height-default elementor-section-height-default\" data-id=\"602db89\" data-element_type=\"section\" data-e-type=\"section\">\n\t\t\t\t\t\t<div class=\"elementor-container elementor-column-gap-default\">\n\t\t\t\t\t<div class=\"elementor-column elementor-col-50 elementor-inner-column elementor-element elementor-element-34c8ff77\" data-id=\"34c8ff77\" data-element_type=\"column\" data-e-type=\"column\">\n\t\t\t<div class=\"elementor-widget-wrap elementor-element-populated\">\n\t\t\t\t\t\t<div class=\"elementor-element elementor-element-13d102c2 elementor-widget__width-initial elementor-widget elementor-widget-heading\" data-id=\"13d102c2\" data-element_type=\"widget\" data-e-type=\"widget\" data-widget_type=\"heading.default\">\n\t\t\t\t<div class=\"elementor-widget-container\">\n\t\t\t\t\t<h2 class=\"elementor-heading-title elementor-size-default\">Optimisez les performances de votre \u00e9quipement<\/h2>\t\t\t\t<\/div>\n\t\t\t\t<\/div>\n\t\t\t\t<div class=\"elementor-element elementor-element-35a202d7 elementor-widget__width-initial elementor-widget elementor-widget-text-editor\" data-id=\"35a202d7\" data-element_type=\"widget\" data-e-type=\"widget\" data-widget_type=\"text-editor.default\">\n\t\t\t\t<div class=\"elementor-widget-container\">\n\t\t\t\t\t\t\t\t\t<p>Prolongez la dur\u00e9e de vie de vos machines gr\u00e2ce \u00e0 nos formulations sp\u00e9cialis\u00e9es con\u00e7ues pour r\u00e9sister aux conditions les plus difficiles. Que vous ayez besoin d'une protection sup\u00e9rieure contre l'usure ou d'une lubrification am\u00e9lior\u00e9e pour un fonctionnement en douceur, nos produits sont con\u00e7us pour la fiabilit\u00e9 et l'efficacit\u00e9.<\/p>\t\t\t\t\t\t\t\t<\/div>\n\t\t\t\t<\/div>\n\t\t\t\t\t<\/div>\n\t\t<\/div>\n\t\t\t\t<div class=\"elementor-column elementor-col-50 elementor-inner-column elementor-element elementor-element-4c4e7b3e\" data-id=\"4c4e7b3e\" data-element_type=\"column\" data-e-type=\"column\">\n\t\t\t<div class=\"elementor-widget-wrap elementor-element-populated\">\n\t\t\t\t\t\t<div class=\"elementor-element elementor-element-65b793b3 elementor-align-center elementor-mobile-align-left elementor-widget__width-initial elementor-widget elementor-widget-button\" data-id=\"65b793b3\" data-element_type=\"widget\" data-e-type=\"widget\" data-widget_type=\"button.default\">\n\t\t\t\t<div class=\"elementor-widget-container\">\n\t\t\t\t\t\t\t\t\t<div class=\"elementor-button-wrapper\">\n\t\t\t\t\t<a class=\"elementor-button elementor-button-link elementor-size-sm\" href=\"\/fr\/where-to-buy\/\">\n\t\t\t\t\t\t<span class=\"elementor-button-content-wrapper\">\n\t\t\t\t\t\t\t\t\t<span class=\"elementor-button-text\">Acheter<\/span>\n\t\t\t\t\t<\/span>\n\t\t\t\t\t<\/a>\n\t\t\t\t<\/div>\n\t\t\t\t\t\t\t\t<\/div>\n\t\t\t\t<\/div>\n\t\t\t\t\t<\/div>\n\t\t<\/div>\n\t\t\t\t\t<\/div>\n\t\t<\/section>\n\t\t\t\t\t<\/div>\n\t\t<\/div>\n\t\t\t\t\t<\/div>\n\t\t<\/section>\n\t\t\t\t<\/div>","protected":false},"excerpt":{"rendered":"<p>Elastochem Product Insulplus+ Cleaners &amp; Lubricants For numerous years, we&#8217;ve achieved remarkable success in ensuring the continuous operation of our customers&#8217; equipment. What started as small innovations to support our clients has evolved into a full line of products. Insulplus+ is our range of cleaners and lubricants designed specifically for the maintenance of spray foam [&hellip;]<\/p>\n","protected":false},"featured_media":0,"parent":0,"menu_order":0,"template":"","product_category":[36],"class_list":["post-8323","product","type-product","status-publish","hentry","product_category-accessories"],"acf":[],"_links":{"self":[{"href":"https:\/\/elastochem.com\/fr\/wp-json\/wp\/v2\/product\/8323","targetHints":{"allow":["GET"]}}],"collection":[{"href":"https:\/\/elastochem.com\/fr\/wp-json\/wp\/v2\/product"}],"about":[{"href":"https:\/\/elastochem.com\/fr\/wp-json\/wp\/v2\/types\/product"}],"version-history":[{"count":0,"href":"https:\/\/elastochem.com\/fr\/wp-json\/wp\/v2\/product\/8323\/revisions"}],"wp:attachment":[{"href":"https:\/\/elastochem.com\/fr\/wp-json\/wp\/v2\/media?parent=8323"}],"wp:term":[{"taxonomy":"product_category","embeddable":true,"href":"https:\/\/elastochem.com\/fr\/wp-json\/wp\/v2\/product_category?post=8323"}],"curies":[{"name":"wp","href":"https:\/\/api.w.org\/{rel}","templated":true}]}}