{"id":13285,"date":"2025-12-19T10:51:27","date_gmt":"2025-12-19T15:51:27","guid":{"rendered":"https:\/\/elastochem.com\/?page_id=13285"},"modified":"2025-12-19T14:13:12","modified_gmt":"2025-12-19T19:13:12","slug":"embodied-carbon-report","status":"publish","type":"page","link":"https:\/\/elastochem.com\/fr\/embodied-carbon-report\/","title":{"rendered":"Embodied Carbon Report &#8211; Spray Foam Insulation"},"content":{"rendered":"<div data-elementor-type=\"wp-page\" data-elementor-id=\"13285\" class=\"elementor elementor-13285\" data-elementor-settings=\"{&quot;element_pack_global_tooltip_width&quot;:{&quot;unit&quot;:&quot;px&quot;,&quot;size&quot;:&quot;&quot;,&quot;sizes&quot;:[]},&quot;element_pack_global_tooltip_width_laptop&quot;:{&quot;unit&quot;:&quot;px&quot;,&quot;size&quot;:&quot;&quot;,&quot;sizes&quot;:[]},&quot;element_pack_global_tooltip_width_tablet_extra&quot;:{&quot;unit&quot;:&quot;px&quot;,&quot;size&quot;:&quot;&quot;,&quot;sizes&quot;:[]},&quot;element_pack_global_tooltip_width_tablet&quot;:{&quot;unit&quot;:&quot;px&quot;,&quot;size&quot;:&quot;&quot;,&quot;sizes&quot;:[]},&quot;element_pack_global_tooltip_width_mobile&quot;:{&quot;unit&quot;:&quot;px&quot;,&quot;size&quot;:&quot;&quot;,&quot;sizes&quot;:[]},&quot;element_pack_global_tooltip_padding&quot;:{&quot;unit&quot;:&quot;px&quot;,&quot;top&quot;:&quot;&quot;,&quot;right&quot;:&quot;&quot;,&quot;bottom&quot;:&quot;&quot;,&quot;left&quot;:&quot;&quot;,&quot;isLinked&quot;:true},&quot;element_pack_global_tooltip_padding_laptop&quot;:{&quot;unit&quot;:&quot;px&quot;,&quot;top&quot;:&quot;&quot;,&quot;right&quot;:&quot;&quot;,&quot;bottom&quot;:&quot;&quot;,&quot;left&quot;:&quot;&quot;,&quot;isLinked&quot;:true},&quot;element_pack_global_tooltip_padding_tablet_extra&quot;:{&quot;unit&quot;:&quot;px&quot;,&quot;top&quot;:&quot;&quot;,&quot;right&quot;:&quot;&quot;,&quot;bottom&quot;:&quot;&quot;,&quot;left&quot;:&quot;&quot;,&quot;isLinked&quot;:true},&quot;element_pack_global_tooltip_padding_tablet&quot;:{&quot;unit&quot;:&quot;px&quot;,&quot;top&quot;:&quot;&quot;,&quot;right&quot;:&quot;&quot;,&quot;bottom&quot;:&quot;&quot;,&quot;left&quot;:&quot;&quot;,&quot;isLinked&quot;:true},&quot;element_pack_global_tooltip_padding_mobile&quot;:{&quot;unit&quot;:&quot;px&quot;,&quot;top&quot;:&quot;&quot;,&quot;right&quot;:&quot;&quot;,&quot;bottom&quot;:&quot;&quot;,&quot;left&quot;:&quot;&quot;,&quot;isLinked&quot;:true},&quot;element_pack_global_tooltip_border_radius&quot;:{&quot;unit&quot;:&quot;px&quot;,&quot;top&quot;:&quot;&quot;,&quot;right&quot;:&quot;&quot;,&quot;bottom&quot;:&quot;&quot;,&quot;left&quot;:&quot;&quot;,&quot;isLinked&quot;:true},&quot;element_pack_global_tooltip_border_radius_laptop&quot;:{&quot;unit&quot;:&quot;px&quot;,&quot;top&quot;:&quot;&quot;,&quot;right&quot;:&quot;&quot;,&quot;bottom&quot;:&quot;&quot;,&quot;left&quot;:&quot;&quot;,&quot;isLinked&quot;:true},&quot;element_pack_global_tooltip_border_radius_tablet_extra&quot;:{&quot;unit&quot;:&quot;px&quot;,&quot;top&quot;:&quot;&quot;,&quot;right&quot;:&quot;&quot;,&quot;bottom&quot;:&quot;&quot;,&quot;left&quot;:&quot;&quot;,&quot;isLinked&quot;:true},&quot;element_pack_global_tooltip_border_radius_tablet&quot;:{&quot;unit&quot;:&quot;px&quot;,&quot;top&quot;:&quot;&quot;,&quot;right&quot;:&quot;&quot;,&quot;bottom&quot;:&quot;&quot;,&quot;left&quot;:&quot;&quot;,&quot;isLinked&quot;:true},&quot;element_pack_global_tooltip_border_radius_mobile&quot;:{&quot;unit&quot;:&quot;px&quot;,&quot;top&quot;:&quot;&quot;,&quot;right&quot;:&quot;&quot;,&quot;bottom&quot;:&quot;&quot;,&quot;left&quot;:&quot;&quot;,&quot;isLinked&quot;:true}}\" data-elementor-post-type=\"page\">\n\t\t\t\t<div class=\"elementor-element elementor-element-30568543 e-con-full e-flex e-con e-parent\" data-id=\"30568543\" data-element_type=\"container\" data-e-type=\"container\" data-settings=\"{&quot;background_background&quot;:&quot;classic&quot;}\">\n\t\t<div class=\"elementor-element elementor-element-42867ed2 e-con-full e-flex e-con e-child\" data-id=\"42867ed2\" data-element_type=\"container\" data-e-type=\"container\">\n\t\t\t\t<div class=\"elementor-element elementor-element-57660a65 elementor-widget elementor-widget-heading\" data-id=\"57660a65\" data-element_type=\"widget\" data-e-type=\"widget\" data-settings=\"{&quot;_animation&quot;:&quot;none&quot;}\" data-widget_type=\"heading.default\">\n\t\t\t\t<div class=\"elementor-widget-container\">\n\t\t\t\t\t<h1 class=\"elementor-heading-title elementor-size-default\">Analyse du carbone incorpor\u00e9 : Assemblages de mousse pulv\u00e9ris\u00e9e<\/h1>\t\t\t\t<\/div>\n\t\t\t\t<\/div>\n\t\t\t\t<div class=\"elementor-element elementor-element-7d967557 elementor-widget elementor-widget-text-editor\" data-id=\"7d967557\" data-element_type=\"widget\" data-e-type=\"widget\" data-settings=\"{&quot;_animation&quot;:&quot;none&quot;,&quot;_animation_delay&quot;:200}\" data-widget_type=\"text-editor.default\">\n\t\t\t\t<div class=\"elementor-widget-container\">\n\t\t\t\t\t\t\t\t\t<p>Cette analyse du carbone intrins\u00e8que pour Elastochem et Honeywell mod\u00e9lise des assemblages de murs ext\u00e9rieurs utilisant diff\u00e9rentes combinaisons de mousse isolante pulv\u00e9ris\u00e9e \u00e0 cellules ouvertes et \u00e0 cellules ferm\u00e9es afin d'illustrer des options de conception pratiques et de comparer leurs impacts en termes de carbone intrins\u00e8que.<\/p>\t\t\t\t\t\t\t\t<\/div>\n\t\t\t\t<\/div>\n\t\t\t\t<div class=\"elementor-element elementor-element-ef5b9a4 elementor-align-center elementor-mobile-align-center elementor-widget elementor-widget-button\" data-id=\"ef5b9a4\" data-element_type=\"widget\" data-e-type=\"widget\" data-widget_type=\"button.default\">\n\t\t\t\t<div class=\"elementor-widget-container\">\n\t\t\t\t\t\t\t\t\t<div class=\"elementor-button-wrapper\">\n\t\t\t\t\t<a class=\"elementor-button elementor-button-link elementor-size-sm\" href=\"https:\/\/res.cloudinary.com\/elastochem\/image\/upload\/v1766159206\/RDH_EmbodiedCarbon_Rev3_ga4gjq.pdf\">\n\t\t\t\t\t\t<span class=\"elementor-button-content-wrapper\">\n\t\t\t\t\t\t\t\t\t<span class=\"elementor-button-text\">T\u00e9l\u00e9charger<\/span>\n\t\t\t\t\t<\/span>\n\t\t\t\t\t<\/a>\n\t\t\t\t<\/div>\n\t\t\t\t\t\t\t\t<\/div>\n\t\t\t\t<\/div>\n\t\t\t\t<div class=\"elementor-element elementor-element-10cd901 elementor-widget elementor-widget-text-editor\" data-id=\"10cd901\" data-element_type=\"widget\" data-e-type=\"widget\" data-widget_type=\"text-editor.default\">\n\t\t\t\t<div class=\"elementor-widget-container\">\n\t\t\t\t\t\t\t\t\t<p><a href=\"https:\/\/elastochem.com\/fr\/low-carbon-spray-foam\/\">\u2190 Retour \u00e0 la page Carbone incorpor\u00e9<\/a><\/p>\t\t\t\t\t\t\t\t<\/div>\n\t\t\t\t<\/div>\n\t\t\t\t<\/div>\n\t\t<div class=\"elementor-element elementor-element-4b19b26a e-con-full e-flex e-con e-child\" data-id=\"4b19b26a\" data-element_type=\"container\" data-e-type=\"container\" data-settings=\"{&quot;background_background&quot;:&quot;classic&quot;}\">\n\t\t\t\t<div class=\"elementor-element elementor-element-524d63f7 elementor-invisible elementor-widget elementor-widget-image\" data-id=\"524d63f7\" data-element_type=\"widget\" data-e-type=\"widget\" data-settings=\"{&quot;_animation&quot;:&quot;zoomIn&quot;}\" data-widget_type=\"image.default\">\n\t\t\t\t<div class=\"elementor-widget-container\">\n\t\t\t\t\t\t\t\t\t\t\t\t\t\t\t\t<a href=\"https:\/\/res.cloudinary.com\/elastochem\/image\/upload\/v1766159206\/RDH_EmbodiedCarbon_Rev3_ga4gjq.pdf\">\n\t\t\t\t\t\t\t<img fetchpriority=\"high\" decoding=\"async\" width=\"724\" height=\"1024\" src=\"https:\/\/elastochem.com\/wp-content\/uploads\/2025\/12\/EmbodiedCarbonRDH_Report-724x1024.jpg\" class=\"attachment-large size-large wp-image-13298\" alt=\"\" srcset=\"https:\/\/elastochem.com\/wp-content\/uploads\/2025\/12\/EmbodiedCarbonRDH_Report-724x1024.jpg 724w, https:\/\/elastochem.com\/wp-content\/uploads\/2025\/12\/EmbodiedCarbonRDH_Report-212x300.jpg 212w, https:\/\/elastochem.com\/wp-content\/uploads\/2025\/12\/EmbodiedCarbonRDH_Report-768x1087.jpg 768w, https:\/\/elastochem.com\/wp-content\/uploads\/2025\/12\/EmbodiedCarbonRDH_Report-8x12.jpg 8w, https:\/\/elastochem.com\/wp-content\/uploads\/2025\/12\/EmbodiedCarbonRDH_Report.jpg 800w\" sizes=\"(max-width: 724px) 100vw, 724px\" \/>\t\t\t\t\t\t\t\t<\/a>\n\t\t\t\t\t\t\t\t\t\t\t\t\t\t\t<\/div>\n\t\t\t\t<\/div>\n\t\t\t\t<\/div>\n\t\t\t\t<\/div>\n\t\t\t\t<\/div>","protected":false},"excerpt":{"rendered":"<p>Embodied Carbon Analysis: Spray Foam Assemblies This embodied carbon analysis for Elastochem and Honeywell models exterior wall assemblies using different combinations of open-cell and closed-cell spray foam insulation to illustrate practical design options and compare their embodied carbon impacts. Download \u2190 Return to Embodied Carbon page<\/p>","protected":false},"author":7,"featured_media":0,"parent":0,"menu_order":0,"comment_status":"closed","ping_status":"closed","template":"","meta":{"_acf_changed":false,"footnotes":""},"class_list":["post-13285","page","type-page","status-publish","hentry"],"acf":[],"_links":{"self":[{"href":"https:\/\/elastochem.com\/fr\/wp-json\/wp\/v2\/pages\/13285","targetHints":{"allow":["GET"]}}],"collection":[{"href":"https:\/\/elastochem.com\/fr\/wp-json\/wp\/v2\/pages"}],"about":[{"href":"https:\/\/elastochem.com\/fr\/wp-json\/wp\/v2\/types\/page"}],"author":[{"embeddable":true,"href":"https:\/\/elastochem.com\/fr\/wp-json\/wp\/v2\/users\/7"}],"replies":[{"embeddable":true,"href":"https:\/\/elastochem.com\/fr\/wp-json\/wp\/v2\/comments?post=13285"}],"version-history":[{"count":16,"href":"https:\/\/elastochem.com\/fr\/wp-json\/wp\/v2\/pages\/13285\/revisions"}],"predecessor-version":[{"id":13362,"href":"https:\/\/elastochem.com\/fr\/wp-json\/wp\/v2\/pages\/13285\/revisions\/13362"}],"wp:attachment":[{"href":"https:\/\/elastochem.com\/fr\/wp-json\/wp\/v2\/media?parent=13285"}],"curies":[{"name":"wp","href":"https:\/\/api.w.org\/{rel}","templated":true}]}}