{"id":11819,"date":"2025-07-09T13:38:03","date_gmt":"2025-07-09T17:38:03","guid":{"rendered":"https:\/\/elastochem.com\/?post_type=product&#038;p=11819"},"modified":"2026-01-28T15:59:18","modified_gmt":"2026-01-28T20:59:18","slug":"insulthane-versa","status":"publish","type":"product","link":"https:\/\/elastochem.com\/es\/product\/insulthane-versa\/","title":{"rendered":"Insulthane\u00ae Versa"},"content":{"rendered":"<div data-elementor-type=\"wp-post\" data-elementor-id=\"11819\" class=\"elementor elementor-11819\" data-elementor-settings=\"{&quot;element_pack_global_tooltip_width&quot;:{&quot;unit&quot;:&quot;px&quot;,&quot;size&quot;:&quot;&quot;,&quot;sizes&quot;:[]},&quot;element_pack_global_tooltip_width_laptop&quot;:{&quot;unit&quot;:&quot;px&quot;,&quot;size&quot;:&quot;&quot;,&quot;sizes&quot;:[]},&quot;element_pack_global_tooltip_width_tablet_extra&quot;:{&quot;unit&quot;:&quot;px&quot;,&quot;size&quot;:&quot;&quot;,&quot;sizes&quot;:[]},&quot;element_pack_global_tooltip_width_tablet&quot;:{&quot;unit&quot;:&quot;px&quot;,&quot;size&quot;:&quot;&quot;,&quot;sizes&quot;:[]},&quot;element_pack_global_tooltip_width_mobile&quot;:{&quot;unit&quot;:&quot;px&quot;,&quot;size&quot;:&quot;&quot;,&quot;sizes&quot;:[]},&quot;element_pack_global_tooltip_padding&quot;:{&quot;unit&quot;:&quot;px&quot;,&quot;top&quot;:&quot;&quot;,&quot;right&quot;:&quot;&quot;,&quot;bottom&quot;:&quot;&quot;,&quot;left&quot;:&quot;&quot;,&quot;isLinked&quot;:true},&quot;element_pack_global_tooltip_padding_laptop&quot;:{&quot;unit&quot;:&quot;px&quot;,&quot;top&quot;:&quot;&quot;,&quot;right&quot;:&quot;&quot;,&quot;bottom&quot;:&quot;&quot;,&quot;left&quot;:&quot;&quot;,&quot;isLinked&quot;:true},&quot;element_pack_global_tooltip_padding_tablet_extra&quot;:{&quot;unit&quot;:&quot;px&quot;,&quot;top&quot;:&quot;&quot;,&quot;right&quot;:&quot;&quot;,&quot;bottom&quot;:&quot;&quot;,&quot;left&quot;:&quot;&quot;,&quot;isLinked&quot;:true},&quot;element_pack_global_tooltip_padding_tablet&quot;:{&quot;unit&quot;:&quot;px&quot;,&quot;top&quot;:&quot;&quot;,&quot;right&quot;:&quot;&quot;,&quot;bottom&quot;:&quot;&quot;,&quot;left&quot;:&quot;&quot;,&quot;isLinked&quot;:true},&quot;element_pack_global_tooltip_padding_mobile&quot;:{&quot;unit&quot;:&quot;px&quot;,&quot;top&quot;:&quot;&quot;,&quot;right&quot;:&quot;&quot;,&quot;bottom&quot;:&quot;&quot;,&quot;left&quot;:&quot;&quot;,&quot;isLinked&quot;:true},&quot;element_pack_global_tooltip_border_radius&quot;:{&quot;unit&quot;:&quot;px&quot;,&quot;top&quot;:&quot;&quot;,&quot;right&quot;:&quot;&quot;,&quot;bottom&quot;:&quot;&quot;,&quot;left&quot;:&quot;&quot;,&quot;isLinked&quot;:true},&quot;element_pack_global_tooltip_border_radius_laptop&quot;:{&quot;unit&quot;:&quot;px&quot;,&quot;top&quot;:&quot;&quot;,&quot;right&quot;:&quot;&quot;,&quot;bottom&quot;:&quot;&quot;,&quot;left&quot;:&quot;&quot;,&quot;isLinked&quot;:true},&quot;element_pack_global_tooltip_border_radius_tablet_extra&quot;:{&quot;unit&quot;:&quot;px&quot;,&quot;top&quot;:&quot;&quot;,&quot;right&quot;:&quot;&quot;,&quot;bottom&quot;:&quot;&quot;,&quot;left&quot;:&quot;&quot;,&quot;isLinked&quot;:true},&quot;element_pack_global_tooltip_border_radius_tablet&quot;:{&quot;unit&quot;:&quot;px&quot;,&quot;top&quot;:&quot;&quot;,&quot;right&quot;:&quot;&quot;,&quot;bottom&quot;:&quot;&quot;,&quot;left&quot;:&quot;&quot;,&quot;isLinked&quot;:true},&quot;element_pack_global_tooltip_border_radius_mobile&quot;:{&quot;unit&quot;:&quot;px&quot;,&quot;top&quot;:&quot;&quot;,&quot;right&quot;:&quot;&quot;,&quot;bottom&quot;:&quot;&quot;,&quot;left&quot;:&quot;&quot;,&quot;isLinked&quot;:true}}\" data-elementor-post-type=\"product\">\n\t\t\t\t\t\t<section class=\"elementor-section elementor-top-section elementor-element elementor-element-e3dba09 elementor-section-full_width elementor-section-height-default elementor-section-height-default\" data-id=\"e3dba09\" data-element_type=\"section\" data-e-type=\"section\">\n\t\t\t\t\t\t<div class=\"elementor-container elementor-column-gap-default\">\n\t\t\t\t\t<div class=\"elementor-column elementor-col-50 elementor-top-column elementor-element elementor-element-8b8af64 bdt-backdrop-filter-yes bdt-filter-backdrop\" data-id=\"8b8af64\" data-element_type=\"column\" data-e-type=\"column\" data-settings=\"{&quot;background_background&quot;:&quot;classic&quot;}\">\n\t\t\t<div class=\"elementor-widget-wrap elementor-element-populated\">\n\t\t\t\t\t<div class=\"elementor-background-overlay\"><\/div>\n\t\t\t\t\t\t<div class=\"elementor-element elementor-element-a0d2059 elementor-widget__width-initial elementor-widget elementor-widget-image\" data-id=\"a0d2059\" data-element_type=\"widget\" data-e-type=\"widget\" data-widget_type=\"image.default\">\n\t\t\t\t<div class=\"elementor-widget-container\">\n\t\t\t\t\t\t\t\t\t\t\t\t\t\t\t<img fetchpriority=\"high\" decoding=\"async\" width=\"768\" height=\"247\" src=\"https:\/\/elastochem.com\/wp-content\/uploads\/2025\/07\/Insulthane_Logo_White-768x247.png\" class=\"attachment-medium_large size-medium_large wp-image-11825\" alt=\"White insulthane logo.\" srcset=\"https:\/\/elastochem.com\/wp-content\/uploads\/2025\/07\/Insulthane_Logo_White-768x247.png 768w, https:\/\/elastochem.com\/wp-content\/uploads\/2025\/07\/Insulthane_Logo_White-300x96.png 300w, https:\/\/elastochem.com\/wp-content\/uploads\/2025\/07\/Insulthane_Logo_White-1024x329.png 1024w, https:\/\/elastochem.com\/wp-content\/uploads\/2025\/07\/Insulthane_Logo_White-1536x494.png 1536w, https:\/\/elastochem.com\/wp-content\/uploads\/2025\/07\/Insulthane_Logo_White-18x6.png 18w, https:\/\/elastochem.com\/wp-content\/uploads\/2025\/07\/Insulthane_Logo_White.png 1848w\" sizes=\"(max-width: 768px) 100vw, 768px\" \/>\t\t\t\t\t\t\t\t\t\t\t\t\t\t\t<\/div>\n\t\t\t\t<\/div>\n\t\t\t\t\t<\/div>\n\t\t<\/div>\n\t\t\t\t<div class=\"elementor-column elementor-col-50 elementor-top-column elementor-element elementor-element-f54cb1b\" data-id=\"f54cb1b\" data-element_type=\"column\" data-e-type=\"column\">\n\t\t\t<div class=\"elementor-widget-wrap elementor-element-populated\">\n\t\t\t\t\t\t<div class=\"elementor-element elementor-element-950b8f8 elementor-widget elementor-widget-bdt-breadcrumbs\" data-id=\"950b8f8\" data-element_type=\"widget\" data-e-type=\"widget\" data-widget_type=\"bdt-breadcrumbs.default\">\n\t\t\t\t<div class=\"elementor-widget-container\">\n\t\t\t\t\t<div class='bdt-ep-breadcrumbs-wrapper'><ul class=\"bdt-ep-breadcrumb breadcrumb-align-left\"><li><a href=\"https:\/\/elastochem.com\/es\/\">Elastochem<\/a><\/li>\n<li><span> Producto<\/span><\/li>\n<\/ul><\/div>\t\t\t\t<\/div>\n\t\t\t\t<\/div>\n\t\t\t\t<div class=\"elementor-element elementor-element-a751378 elementor-widget__width-initial elementor-widget elementor-widget-heading\" data-id=\"a751378\" data-element_type=\"widget\" data-e-type=\"widget\" data-widget_type=\"heading.default\">\n\t\t\t\t<div class=\"elementor-widget-container\">\n\t\t\t\t\t<h2 class=\"elementor-heading-title elementor-size-default\">Insulthane\u00ae Versa<\/h2>\t\t\t\t<\/div>\n\t\t\t\t<\/div>\n\t\t\t\t<div class=\"elementor-element elementor-element-cad3adf elementor-widget__width-initial elementor-widget elementor-widget-text-editor\" data-id=\"cad3adf\" data-element_type=\"widget\" data-e-type=\"widget\" data-widget_type=\"text-editor.default\">\n\t\t\t\t<div class=\"elementor-widget-container\">\n\t\t\t\t\t\t\t\t\t<p data-pm-slice=\"0 0 []\">Espuma en spray de uso general<\/p>\t\t\t\t\t\t\t\t<\/div>\n\t\t\t\t<\/div>\n\t\t\t\t<div class=\"elementor-element elementor-element-c8d8cf4 elementor-widget__width-initial elementor-widget elementor-widget-text-editor\" data-id=\"c8d8cf4\" data-element_type=\"widget\" data-e-type=\"widget\" data-widget_type=\"text-editor.default\">\n\t\t\t\t<div class=\"elementor-widget-container\">\n\t\t\t\t\t\t\t\t\t<p data-pm-slice=\"1 1 []\">Insulthane\u00ae Versa es una espuma en spray de c\u00e9lula cerrada, de dos componentes y alta elevaci\u00f3n, dise\u00f1ada para el aislamiento de uso general. Ofrece un alto valor R por pulgada, una excelente resistencia a la humedad y una fuerte adherencia a los sustratos comunes.<\/p>\t\t\t\t\t\t\t\t<\/div>\n\t\t\t\t<\/div>\n\t\t\t\t<div class=\"elementor-element elementor-element-2ae9b65 elementor-align-left elementor-mobile-align-left elementor-widget elementor-widget-button\" data-id=\"2ae9b65\" data-element_type=\"widget\" data-e-type=\"widget\" data-widget_type=\"button.default\">\n\t\t\t\t<div class=\"elementor-widget-container\">\n\t\t\t\t\t\t\t\t\t<div class=\"elementor-button-wrapper\">\n\t\t\t\t\t<a class=\"elementor-button elementor-button-link elementor-size-sm\" href=\"\/es\/where-to-buy\/\">\n\t\t\t\t\t\t<span class=\"elementor-button-content-wrapper\">\n\t\t\t\t\t\t\t\t\t<span class=\"elementor-button-text\">Hable con un experto<\/span>\n\t\t\t\t\t<\/span>\n\t\t\t\t\t<\/a>\n\t\t\t\t<\/div>\n\t\t\t\t\t\t\t\t<\/div>\n\t\t\t\t<\/div>\n\t\t\t\t\t<\/div>\n\t\t<\/div>\n\t\t\t\t\t<\/div>\n\t\t<\/section>\n\t\t\t\t<section class=\"elementor-section elementor-top-section elementor-element elementor-element-e50858a elementor-section-full_width KeyFeatureBG elementor-section-height-default elementor-section-height-default\" data-id=\"e50858a\" data-element_type=\"section\" data-e-type=\"section\" data-settings=\"{&quot;background_background&quot;:&quot;gradient&quot;}\">\n\t\t\t\t\t\t<div class=\"elementor-container elementor-column-gap-default\">\n\t\t\t\t\t<div class=\"elementor-column elementor-col-100 elementor-top-column elementor-element elementor-element-d5d1dfd\" data-id=\"d5d1dfd\" data-element_type=\"column\" data-e-type=\"column\">\n\t\t\t<div class=\"elementor-widget-wrap elementor-element-populated\">\n\t\t\t\t\t\t<section class=\"elementor-section elementor-inner-section elementor-element elementor-element-1951b65 elementor-section-boxed elementor-section-height-default elementor-section-height-default\" data-id=\"1951b65\" data-element_type=\"section\" data-e-type=\"section\">\n\t\t\t\t\t\t<div class=\"elementor-container elementor-column-gap-default\">\n\t\t\t\t\t<div class=\"elementor-column elementor-col-50 elementor-inner-column elementor-element elementor-element-0d836f8\" data-id=\"0d836f8\" data-element_type=\"column\" data-e-type=\"column\">\n\t\t\t<div class=\"elementor-widget-wrap elementor-element-populated\">\n\t\t\t\t\t\t<div class=\"elementor-element elementor-element-cc1f99b elementor-widget elementor-widget-heading\" data-id=\"cc1f99b\" data-element_type=\"widget\" data-e-type=\"widget\" data-widget_type=\"heading.default\">\n\t\t\t\t<div class=\"elementor-widget-container\">\n\t\t\t\t\t<h2 class=\"elementor-heading-title elementor-size-default\">Propiedades clave<\/h2>\t\t\t\t<\/div>\n\t\t\t\t<\/div>\n\t\t\t\t<div class=\"elementor-element elementor-element-c7be7c0 elementor-widget elementor-widget-image-box\" data-id=\"c7be7c0\" data-element_type=\"widget\" data-e-type=\"widget\" data-widget_type=\"image-box.default\">\n\t\t\t\t<div class=\"elementor-widget-container\">\n\t\t\t\t\t<div class=\"elementor-image-box-wrapper\"><div class=\"elementor-image-box-content\"><h3 class=\"elementor-image-box-title\">7.4 @ 1\"<\/h3><p class=\"elementor-image-box-description\">Valor R (envejecido 90 d\u00edas)<\/p><\/div><\/div>\t\t\t\t<\/div>\n\t\t\t\t<\/div>\n\t\t\t\t<div class=\"elementor-element elementor-element-1913d82 elementor-widget-divider--view-line elementor-widget elementor-widget-divider\" data-id=\"1913d82\" data-element_type=\"widget\" data-e-type=\"widget\" data-widget_type=\"divider.default\">\n\t\t\t\t<div class=\"elementor-widget-container\">\n\t\t\t\t\t\t\t<div class=\"elementor-divider\">\n\t\t\t<span class=\"elementor-divider-separator\">\n\t\t\t\t\t\t<\/span>\n\t\t<\/div>\n\t\t\t\t\t\t<\/div>\n\t\t\t\t<\/div>\n\t\t\t\t<div class=\"elementor-element elementor-element-8dbefca elementor-widget elementor-widget-image-box\" data-id=\"8dbefca\" data-element_type=\"widget\" data-e-type=\"widget\" data-widget_type=\"image-box.default\">\n\t\t\t\t<div class=\"elementor-widget-container\">\n\t\t\t\t\t<div class=\"elementor-image-box-wrapper\"><div class=\"elementor-image-box-content\"><h3 class=\"elementor-image-box-title\">2.2 lb\/ft\u00b3<\/h3><p class=\"elementor-image-box-description\">DENSIDAD<\/p><\/div><\/div>\t\t\t\t<\/div>\n\t\t\t\t<\/div>\n\t\t\t\t<div class=\"elementor-element elementor-element-25d8036 elementor-widget-divider--view-line elementor-widget elementor-widget-divider\" data-id=\"25d8036\" data-element_type=\"widget\" data-e-type=\"widget\" data-widget_type=\"divider.default\">\n\t\t\t\t<div class=\"elementor-widget-container\">\n\t\t\t\t\t\t\t<div class=\"elementor-divider\">\n\t\t\t<span class=\"elementor-divider-separator\">\n\t\t\t\t\t\t<\/span>\n\t\t<\/div>\n\t\t\t\t\t\t<\/div>\n\t\t\t\t<\/div>\n\t\t\t\t<div class=\"elementor-element elementor-element-993d8e6 elementor-widget elementor-widget-image-box\" data-id=\"993d8e6\" data-element_type=\"widget\" data-e-type=\"widget\" data-widget_type=\"image-box.default\">\n\t\t\t\t<div class=\"elementor-widget-container\">\n\t\t\t\t\t<div class=\"elementor-image-box-wrapper\"><div class=\"elementor-image-box-content\"><h3 class=\"elementor-image-box-title\">26,4 psi<\/h3><p class=\"elementor-image-box-description\">Resistencia a la compresi\u00f3n<\/p><\/div><\/div>\t\t\t\t<\/div>\n\t\t\t\t<\/div>\n\t\t\t\t\t<\/div>\n\t\t<\/div>\n\t\t\t\t<div class=\"elementor-column elementor-col-50 elementor-inner-column elementor-element elementor-element-6bec3fa docTypeCol\" data-id=\"6bec3fa\" data-element_type=\"column\" data-e-type=\"column\">\n\t\t\t<div class=\"elementor-widget-wrap elementor-element-populated\">\n\t\t\t\t\t\t<div class=\"elementor-element elementor-element-336da98 elementor-widget elementor-widget-heading\" data-id=\"336da98\" data-element_type=\"widget\" data-e-type=\"widget\" data-widget_type=\"heading.default\">\n\t\t\t\t<div class=\"elementor-widget-container\">\n\t\t\t\t\t<h2 class=\"elementor-heading-title elementor-size-default\">Documentos y recursos<\/h2>\t\t\t\t<\/div>\n\t\t\t\t<\/div>\n\t\t\t\t<div class=\"elementor-element elementor-element-3e3d5ac elementor-widget elementor-widget-shortcode\" data-id=\"3e3d5ac\" data-element_type=\"widget\" data-e-type=\"widget\" data-widget_type=\"shortcode.default\">\n\t\t\t\t<div class=\"elementor-widget-container\">\n\t\t\t\t\t<style>.elementor-element-3e3d5ac{display:none !important}<\/style>\t\t\t\t<\/div>\n\t\t\t\t<\/div>\n\t\t\t\t<div class=\"elementor-element elementor-element-a302655 elementor-align-center elementor-widget elementor-widget-button\" data-id=\"a302655\" data-element_type=\"widget\" data-e-type=\"widget\" data-widget_type=\"button.default\">\n\t\t\t\t<div class=\"elementor-widget-container\">\n\t\t\t\t\t<style>.elementor-element-a302655{display:none !important}<\/style>\t\t\t\t<\/div>\n\t\t\t\t<\/div>\n\t\t\t\t\t<\/div>\n\t\t<\/div>\n\t\t\t\t\t<\/div>\n\t\t<\/section>\n\t\t\t\t<section class=\"elementor-section elementor-inner-section elementor-element elementor-element-07cdea7 elementor-section-boxed elementor-section-height-default elementor-section-height-default\" data-id=\"07cdea7\" data-element_type=\"section\" data-e-type=\"section\">\n\t\t\t\t\t\t<div class=\"elementor-container elementor-column-gap-default\">\n\t\t\t\t\t<div class=\"elementor-column elementor-col-100 elementor-inner-column elementor-element elementor-element-8072327\" data-id=\"8072327\" data-element_type=\"column\" data-e-type=\"column\">\n\t\t\t<div class=\"elementor-widget-wrap elementor-element-populated\">\n\t\t\t\t\t\t<div class=\"elementor-element elementor-element-7bd717f elementor-widget elementor-widget-heading\" data-id=\"7bd717f\" data-element_type=\"widget\" data-e-type=\"widget\" data-widget_type=\"heading.default\">\n\t\t\t\t<div class=\"elementor-widget-container\">\n\t\t\t\t\t<h2 class=\"elementor-heading-title elementor-size-default\">Productos destacados<\/h2>\t\t\t\t<\/div>\n\t\t\t\t<\/div>\n\t\t\t\t\t<\/div>\n\t\t<\/div>\n\t\t\t\t\t<\/div>\n\t\t<\/section>\n\t\t\t\t<section class=\"elementor-section elementor-inner-section elementor-element elementor-element-b7a3e49 proHighSLider ovetHidden sliderFullWidth elementor-section-boxed elementor-section-height-default elementor-section-height-default\" data-id=\"b7a3e49\" data-element_type=\"section\" data-e-type=\"section\">\n\t\t\t\t\t\t<div class=\"elementor-container elementor-column-gap-default\">\n\t\t\t\t\t<div class=\"elementor-column elementor-col-100 elementor-inner-column elementor-element elementor-element-bcbc44e\" data-id=\"bcbc44e\" data-element_type=\"column\" data-e-type=\"column\">\n\t\t\t<div class=\"elementor-widget-wrap elementor-element-populated\">\n\t\t\t\t\t\t<div class=\"elementor-element elementor-element-23bcb65 productHighlightsBox elementor-widget elementor-widget-shortcode\" data-id=\"23bcb65\" data-element_type=\"widget\" data-e-type=\"widget\" data-widget_type=\"shortcode.default\">\n\t\t\t\t<div class=\"elementor-widget-container\">\n\t\t\t\t\t\t\t<div class=\"elementor-shortcode\"><div id=\"productHighlights\" class=\"productHighlights\"><div class=\"productsHigh\" style=\"background-image: url();\">\n\t\t        <div class=\"productsOverlay\">\n\t\t            <div class=\"labelsTop\">\n\t\t                <h5>01<\/h5>\n\t\t                <h3>F\u00f3rmula High Lift<\/h3>\n\t\t                <p>Consiga estructuras m\u00e1s gruesas en menos pasadas<\/p>\n\t\t            <\/div>\n\t\t            <a href=\"\" class=\"learnMoreBtn\"><\/a>\n\t\t        <\/div>\n\t\t    <\/div><div class=\"productsHigh\" style=\"background-image: url();\">\n\t\t        <div class=\"productsOverlay\">\n\t\t            <div class=\"labelsTop\">\n\t\t                <h5>02<\/h5>\n\t\t                <h3>Aplicaci\u00f3n vers\u00e1til<\/h3>\n\t\t                <p>Ideal para paneles aislantes y aplicaciones agr\u00edcolas e industriales<\/p>\n\t\t            <\/div>\n\t\t            <a href=\"\" class=\"learnMoreBtn\"><\/a>\n\t\t        <\/div>\n\t\t    <\/div><div class=\"productsHigh\" style=\"background-image: url();\">\n\t\t        <div class=\"productsOverlay\">\n\t\t            <div class=\"labelsTop\">\n\t\t                <h5>03<\/h5>\n\t\t                <h3>Gran adherencia<\/h3>\n\t\t                <p>Fuerte adherencia a sustratos comunes (madera, metal, hormig\u00f3n)<\/p>\n\t\t            <\/div>\n\t\t            <a href=\"\" class=\"learnMoreBtn\"><\/a>\n\t\t        <\/div>\n\t\t    <\/div><\/div><\/div>\n\t\t\t\t\t\t<\/div>\n\t\t\t\t<\/div>\n\t\t\t\t\t<\/div>\n\t\t<\/div>\n\t\t\t\t\t<\/div>\n\t\t<\/section>\n\t\t\t\t\t<\/div>\n\t\t<\/div>\n\t\t\t\t\t<\/div>\n\t\t<\/section>\n\t\t\t\t<\/div>","protected":false},"excerpt":{"rendered":"<p>Elastochem Product Insulthane\u00ae Versa General Purpose Spray Foam Insulthane\u00ae Versa is a two component, high-lift, closed-cell spray foam designed for general-purpose insulation. It delivers high R-value per inch, excellent moisture resistance and strong adhesion to common substrates. Talk to an Expert Key Properties 7.4 @ 1&#8243; R-Value (Aged 90 Day) 2.2 lb\/ft\u00b3 DENSITY 26.4 psi [&hellip;]<\/p>\n","protected":false},"featured_media":0,"parent":0,"menu_order":0,"template":"","product_category":[22],"class_list":["post-11819","product","type-product","status-publish","hentry","product_category-spray-foam-insulation"],"acf":[],"_links":{"self":[{"href":"https:\/\/elastochem.com\/es\/wp-json\/wp\/v2\/product\/11819","targetHints":{"allow":["GET"]}}],"collection":[{"href":"https:\/\/elastochem.com\/es\/wp-json\/wp\/v2\/product"}],"about":[{"href":"https:\/\/elastochem.com\/es\/wp-json\/wp\/v2\/types\/product"}],"version-history":[{"count":1,"href":"https:\/\/elastochem.com\/es\/wp-json\/wp\/v2\/product\/11819\/revisions"}],"predecessor-version":[{"id":13755,"href":"https:\/\/elastochem.com\/es\/wp-json\/wp\/v2\/product\/11819\/revisions\/13755"}],"wp:attachment":[{"href":"https:\/\/elastochem.com\/es\/wp-json\/wp\/v2\/media?parent=11819"}],"wp:term":[{"taxonomy":"product_category","embeddable":true,"href":"https:\/\/elastochem.com\/es\/wp-json\/wp\/v2\/product_category?post=11819"}],"curies":[{"name":"wp","href":"https:\/\/api.w.org\/{rel}","templated":true}]}}