{"id":11180,"date":"2025-03-26T15:25:00","date_gmt":"2025-03-26T19:25:00","guid":{"rendered":"https:\/\/elastochem.com\/?post_type=product&#038;p=11180"},"modified":"2026-01-28T16:31:46","modified_gmt":"2026-01-28T21:31:46","slug":"swiftseal-ac100","status":"publish","type":"product","link":"https:\/\/elastochem.com\/es\/product\/swiftseal-ac100\/","title":{"rendered":"SwiftSeal AC100"},"content":{"rendered":"<div data-elementor-type=\"wp-post\" data-elementor-id=\"11180\" class=\"elementor elementor-11180\" data-elementor-settings=\"{&quot;element_pack_global_tooltip_width&quot;:{&quot;unit&quot;:&quot;px&quot;,&quot;size&quot;:&quot;&quot;,&quot;sizes&quot;:[]},&quot;element_pack_global_tooltip_width_laptop&quot;:{&quot;unit&quot;:&quot;px&quot;,&quot;size&quot;:&quot;&quot;,&quot;sizes&quot;:[]},&quot;element_pack_global_tooltip_width_tablet_extra&quot;:{&quot;unit&quot;:&quot;px&quot;,&quot;size&quot;:&quot;&quot;,&quot;sizes&quot;:[]},&quot;element_pack_global_tooltip_width_tablet&quot;:{&quot;unit&quot;:&quot;px&quot;,&quot;size&quot;:&quot;&quot;,&quot;sizes&quot;:[]},&quot;element_pack_global_tooltip_width_mobile&quot;:{&quot;unit&quot;:&quot;px&quot;,&quot;size&quot;:&quot;&quot;,&quot;sizes&quot;:[]},&quot;element_pack_global_tooltip_padding&quot;:{&quot;unit&quot;:&quot;px&quot;,&quot;top&quot;:&quot;&quot;,&quot;right&quot;:&quot;&quot;,&quot;bottom&quot;:&quot;&quot;,&quot;left&quot;:&quot;&quot;,&quot;isLinked&quot;:true},&quot;element_pack_global_tooltip_padding_laptop&quot;:{&quot;unit&quot;:&quot;px&quot;,&quot;top&quot;:&quot;&quot;,&quot;right&quot;:&quot;&quot;,&quot;bottom&quot;:&quot;&quot;,&quot;left&quot;:&quot;&quot;,&quot;isLinked&quot;:true},&quot;element_pack_global_tooltip_padding_tablet_extra&quot;:{&quot;unit&quot;:&quot;px&quot;,&quot;top&quot;:&quot;&quot;,&quot;right&quot;:&quot;&quot;,&quot;bottom&quot;:&quot;&quot;,&quot;left&quot;:&quot;&quot;,&quot;isLinked&quot;:true},&quot;element_pack_global_tooltip_padding_tablet&quot;:{&quot;unit&quot;:&quot;px&quot;,&quot;top&quot;:&quot;&quot;,&quot;right&quot;:&quot;&quot;,&quot;bottom&quot;:&quot;&quot;,&quot;left&quot;:&quot;&quot;,&quot;isLinked&quot;:true},&quot;element_pack_global_tooltip_padding_mobile&quot;:{&quot;unit&quot;:&quot;px&quot;,&quot;top&quot;:&quot;&quot;,&quot;right&quot;:&quot;&quot;,&quot;bottom&quot;:&quot;&quot;,&quot;left&quot;:&quot;&quot;,&quot;isLinked&quot;:true},&quot;element_pack_global_tooltip_border_radius&quot;:{&quot;unit&quot;:&quot;px&quot;,&quot;top&quot;:&quot;&quot;,&quot;right&quot;:&quot;&quot;,&quot;bottom&quot;:&quot;&quot;,&quot;left&quot;:&quot;&quot;,&quot;isLinked&quot;:true},&quot;element_pack_global_tooltip_border_radius_laptop&quot;:{&quot;unit&quot;:&quot;px&quot;,&quot;top&quot;:&quot;&quot;,&quot;right&quot;:&quot;&quot;,&quot;bottom&quot;:&quot;&quot;,&quot;left&quot;:&quot;&quot;,&quot;isLinked&quot;:true},&quot;element_pack_global_tooltip_border_radius_tablet_extra&quot;:{&quot;unit&quot;:&quot;px&quot;,&quot;top&quot;:&quot;&quot;,&quot;right&quot;:&quot;&quot;,&quot;bottom&quot;:&quot;&quot;,&quot;left&quot;:&quot;&quot;,&quot;isLinked&quot;:true},&quot;element_pack_global_tooltip_border_radius_tablet&quot;:{&quot;unit&quot;:&quot;px&quot;,&quot;top&quot;:&quot;&quot;,&quot;right&quot;:&quot;&quot;,&quot;bottom&quot;:&quot;&quot;,&quot;left&quot;:&quot;&quot;,&quot;isLinked&quot;:true},&quot;element_pack_global_tooltip_border_radius_mobile&quot;:{&quot;unit&quot;:&quot;px&quot;,&quot;top&quot;:&quot;&quot;,&quot;right&quot;:&quot;&quot;,&quot;bottom&quot;:&quot;&quot;,&quot;left&quot;:&quot;&quot;,&quot;isLinked&quot;:true}}\" data-elementor-post-type=\"product\">\n\t\t\t\t\t\t<section class=\"elementor-section elementor-top-section elementor-element elementor-element-1f3df832 elementor-section-full_width elementor-section-height-default elementor-section-height-default\" data-id=\"1f3df832\" data-element_type=\"section\" data-e-type=\"section\">\n\t\t\t\t\t\t<div class=\"elementor-container elementor-column-gap-default\">\n\t\t\t\t\t<div class=\"elementor-column elementor-col-50 elementor-top-column elementor-element elementor-element-5e8d9f2e bdt-backdrop-filter-yes bdt-filter-backdrop\" data-id=\"5e8d9f2e\" data-element_type=\"column\" data-e-type=\"column\" data-settings=\"{&quot;background_background&quot;:&quot;classic&quot;}\">\n\t\t\t<div class=\"elementor-widget-wrap elementor-element-populated\">\n\t\t\t\t\t<div class=\"elementor-background-overlay\"><\/div>\n\t\t\t\t\t\t<div class=\"elementor-element elementor-element-2af73647 elementor-widget__width-initial elementor-widget elementor-widget-image\" data-id=\"2af73647\" data-element_type=\"widget\" data-e-type=\"widget\" data-widget_type=\"image.default\">\n\t\t\t\t<div class=\"elementor-widget-container\">\n\t\t\t\t\t\t\t\t\t\t\t\t\t\t\t<img fetchpriority=\"high\" decoding=\"async\" width=\"768\" height=\"127\" src=\"https:\/\/elastochem.com\/wp-content\/uploads\/2025\/02\/SwiftSeal_Logo_White-768x127.png\" class=\"attachment-medium_large size-medium_large wp-image-10958\" alt=\"White Swift Seal logo.\" srcset=\"https:\/\/elastochem.com\/wp-content\/uploads\/2025\/02\/SwiftSeal_Logo_White-768x127.png 768w, https:\/\/elastochem.com\/wp-content\/uploads\/2025\/02\/SwiftSeal_Logo_White-300x50.png 300w, https:\/\/elastochem.com\/wp-content\/uploads\/2025\/02\/SwiftSeal_Logo_White-1024x169.png 1024w, https:\/\/elastochem.com\/wp-content\/uploads\/2025\/02\/SwiftSeal_Logo_White-1536x254.png 1536w, https:\/\/elastochem.com\/wp-content\/uploads\/2025\/02\/SwiftSeal_Logo_White-2048x339.png 2048w, https:\/\/elastochem.com\/wp-content\/uploads\/2025\/02\/SwiftSeal_Logo_White-18x3.png 18w\" sizes=\"(max-width: 768px) 100vw, 768px\" \/>\t\t\t\t\t\t\t\t\t\t\t\t\t\t\t<\/div>\n\t\t\t\t<\/div>\n\t\t\t\t\t<\/div>\n\t\t<\/div>\n\t\t\t\t<div class=\"elementor-column elementor-col-50 elementor-top-column elementor-element elementor-element-59b9acd\" data-id=\"59b9acd\" data-element_type=\"column\" data-e-type=\"column\">\n\t\t\t<div class=\"elementor-widget-wrap elementor-element-populated\">\n\t\t\t\t\t\t<div class=\"elementor-element elementor-element-7ffb4ec8 elementor-widget elementor-widget-bdt-breadcrumbs\" data-id=\"7ffb4ec8\" data-element_type=\"widget\" data-e-type=\"widget\" data-widget_type=\"bdt-breadcrumbs.default\">\n\t\t\t\t<div class=\"elementor-widget-container\">\n\t\t\t\t\t<div class='bdt-ep-breadcrumbs-wrapper'><ul class=\"bdt-ep-breadcrumb breadcrumb-align-left\"><li><a href=\"https:\/\/elastochem.com\/es\/\">Elastochem<\/a><\/li>\n<li><span> Producto<\/span><\/li>\n<\/ul><\/div>\t\t\t\t<\/div>\n\t\t\t\t<\/div>\n\t\t\t\t<div class=\"elementor-element elementor-element-3c4ddbfa elementor-widget__width-initial elementor-widget elementor-widget-heading\" data-id=\"3c4ddbfa\" data-element_type=\"widget\" data-e-type=\"widget\" data-widget_type=\"heading.default\">\n\t\t\t\t<div class=\"elementor-widget-container\">\n\t\t\t\t\t<h2 class=\"elementor-heading-title elementor-size-default\">SwiftSeal AC100<\/h2>\t\t\t\t<\/div>\n\t\t\t\t<\/div>\n\t\t\t\t<div class=\"elementor-element elementor-element-486e51da elementor-widget__width-initial elementor-widget elementor-widget-text-editor\" data-id=\"486e51da\" data-element_type=\"widget\" data-e-type=\"widget\" data-widget_type=\"text-editor.default\">\n\t\t\t\t<div class=\"elementor-widget-container\">\n\t\t\t\t\t\t\t\t\t<p>Revestimiento acr\u00edlico<\/p>\t\t\t\t\t\t\t\t<\/div>\n\t\t\t\t<\/div>\n\t\t\t\t<div class=\"elementor-element elementor-element-64459c4e elementor-widget__width-initial elementor-widget elementor-widget-text-editor\" data-id=\"64459c4e\" data-element_type=\"widget\" data-e-type=\"widget\" data-widget_type=\"text-editor.default\">\n\t\t\t\t<div class=\"elementor-widget-container\">\n\t\t\t\t\t\t\t\t\t<p>SwiftSeal AC100 es un revestimiento acr\u00edlico formulado a partir de un pol\u00edmero acr\u00edlico 100% que ofrece una resistencia eficaz a la intemperie y propiedades de reflectividad superiores. Est\u00e1 dise\u00f1ado para resistir el agrietamiento y la descamaci\u00f3n, as\u00ed como para ofrecer una excelente protecci\u00f3n contra la degradaci\u00f3n UV.<\/p>\t\t\t\t\t\t\t\t<\/div>\n\t\t\t\t<\/div>\n\t\t\t\t<div class=\"elementor-element elementor-element-4f8445eb elementor-align-left elementor-mobile-align-left elementor-widget elementor-widget-button\" data-id=\"4f8445eb\" data-element_type=\"widget\" data-e-type=\"widget\" data-widget_type=\"button.default\">\n\t\t\t\t<div class=\"elementor-widget-container\">\n\t\t\t\t\t\t\t\t\t<div class=\"elementor-button-wrapper\">\n\t\t\t\t\t<a class=\"elementor-button elementor-button-link elementor-size-sm\" href=\"\/es\/where-to-buy\/\">\n\t\t\t\t\t\t<span class=\"elementor-button-content-wrapper\">\n\t\t\t\t\t\t\t\t\t<span class=\"elementor-button-text\">Hable con un experto<\/span>\n\t\t\t\t\t<\/span>\n\t\t\t\t\t<\/a>\n\t\t\t\t<\/div>\n\t\t\t\t\t\t\t\t<\/div>\n\t\t\t\t<\/div>\n\t\t\t\t\t<\/div>\n\t\t<\/div>\n\t\t\t\t\t<\/div>\n\t\t<\/section>\n\t\t\t\t<section class=\"elementor-section elementor-top-section elementor-element elementor-element-798dce19 elementor-section-full_width KeyFeatureBG elementor-section-height-default elementor-section-height-default\" data-id=\"798dce19\" data-element_type=\"section\" data-e-type=\"section\" data-settings=\"{&quot;background_background&quot;:&quot;gradient&quot;}\">\n\t\t\t\t\t\t<div class=\"elementor-container elementor-column-gap-default\">\n\t\t\t\t\t<div class=\"elementor-column elementor-col-100 elementor-top-column elementor-element elementor-element-ac0b236\" data-id=\"ac0b236\" data-element_type=\"column\" data-e-type=\"column\">\n\t\t\t<div class=\"elementor-widget-wrap elementor-element-populated\">\n\t\t\t\t\t\t<section class=\"elementor-section elementor-inner-section elementor-element elementor-element-4e99d789 elementor-section-boxed elementor-section-height-default elementor-section-height-default\" data-id=\"4e99d789\" data-element_type=\"section\" data-e-type=\"section\">\n\t\t\t\t\t\t<div class=\"elementor-container elementor-column-gap-default\">\n\t\t\t\t\t<div class=\"elementor-column elementor-col-50 elementor-inner-column elementor-element elementor-element-3f1b8595\" data-id=\"3f1b8595\" data-element_type=\"column\" data-e-type=\"column\">\n\t\t\t<div class=\"elementor-widget-wrap elementor-element-populated\">\n\t\t\t\t\t\t<div class=\"elementor-element elementor-element-61c0ddcd elementor-widget elementor-widget-heading\" data-id=\"61c0ddcd\" data-element_type=\"widget\" data-e-type=\"widget\" data-widget_type=\"heading.default\">\n\t\t\t\t<div class=\"elementor-widget-container\">\n\t\t\t\t\t<h2 class=\"elementor-heading-title elementor-size-default\">Propiedades clave<\/h2>\t\t\t\t<\/div>\n\t\t\t\t<\/div>\n\t\t\t\t<div class=\"elementor-element elementor-element-40fa1de5 elementor-widget elementor-widget-image-box\" data-id=\"40fa1de5\" data-element_type=\"widget\" data-e-type=\"widget\" data-widget_type=\"image-box.default\">\n\t\t\t\t<div class=\"elementor-widget-container\">\n\t\t\t\t\t<div class=\"elementor-image-box-wrapper\"><div class=\"elementor-image-box-content\"><h3 class=\"elementor-image-box-title\">100% Resina acr\u00edlica<\/h3><p class=\"elementor-image-box-description\">Base del veh\u00edculo<\/p><\/div><\/div>\t\t\t\t<\/div>\n\t\t\t\t<\/div>\n\t\t\t\t<div class=\"elementor-element elementor-element-360a41bc elementor-widget-divider--view-line elementor-widget elementor-widget-divider\" data-id=\"360a41bc\" data-element_type=\"widget\" data-e-type=\"widget\" data-widget_type=\"divider.default\">\n\t\t\t\t<div class=\"elementor-widget-container\">\n\t\t\t\t\t\t\t<div class=\"elementor-divider\">\n\t\t\t<span class=\"elementor-divider-separator\">\n\t\t\t\t\t\t<\/span>\n\t\t<\/div>\n\t\t\t\t\t\t<\/div>\n\t\t\t\t<\/div>\n\t\t\t\t<div class=\"elementor-element elementor-element-72a1bb8e elementor-widget elementor-widget-image-box\" data-id=\"72a1bb8e\" data-element_type=\"widget\" data-e-type=\"widget\" data-widget_type=\"image-box.default\">\n\t\t\t\t<div class=\"elementor-widget-container\">\n\t\t\t\t\t<div class=\"elementor-image-box-wrapper\"><div class=\"elementor-image-box-content\"><h3 class=\"elementor-image-box-title\">8,4 mils por capa (2 capas)<\/h3><p class=\"elementor-image-box-description\">Espesor de la pel\u00edcula seca<\/p><\/div><\/div>\t\t\t\t<\/div>\n\t\t\t\t<\/div>\n\t\t\t\t<div class=\"elementor-element elementor-element-693e93e0 elementor-widget-divider--view-line elementor-widget elementor-widget-divider\" data-id=\"693e93e0\" data-element_type=\"widget\" data-e-type=\"widget\" data-widget_type=\"divider.default\">\n\t\t\t\t<div class=\"elementor-widget-container\">\n\t\t\t\t\t\t\t<div class=\"elementor-divider\">\n\t\t\t<span class=\"elementor-divider-separator\">\n\t\t\t\t\t\t<\/span>\n\t\t<\/div>\n\t\t\t\t\t\t<\/div>\n\t\t\t\t<\/div>\n\t\t\t\t<div class=\"elementor-element elementor-element-94698b7 elementor-widget elementor-widget-image-box\" data-id=\"94698b7\" data-element_type=\"widget\" data-e-type=\"widget\" data-widget_type=\"image-box.default\">\n\t\t\t\t<div class=\"elementor-widget-container\">\n\t\t\t\t\t<div class=\"elementor-image-box-wrapper\"><div class=\"elementor-image-box-content\"><h3 class=\"elementor-image-box-title\">Blanco<\/h3><p class=\"elementor-image-box-description\">Color<\/p><\/div><\/div>\t\t\t\t<\/div>\n\t\t\t\t<\/div>\n\t\t\t\t\t<\/div>\n\t\t<\/div>\n\t\t\t\t<div class=\"elementor-column elementor-col-50 elementor-inner-column elementor-element elementor-element-470b74b8 docTypeCol\" data-id=\"470b74b8\" data-element_type=\"column\" data-e-type=\"column\">\n\t\t\t<div class=\"elementor-widget-wrap elementor-element-populated\">\n\t\t\t\t\t\t<div class=\"elementor-element elementor-element-4f96bb6 elementor-widget elementor-widget-heading\" data-id=\"4f96bb6\" data-element_type=\"widget\" data-e-type=\"widget\" data-widget_type=\"heading.default\">\n\t\t\t\t<div class=\"elementor-widget-container\">\n\t\t\t\t\t<h2 class=\"elementor-heading-title elementor-size-default\">Documentos y recursos<\/h2>\t\t\t\t<\/div>\n\t\t\t\t<\/div>\n\t\t\t\t<div class=\"elementor-element elementor-element-4ced02c6 elementor-widget elementor-widget-shortcode\" data-id=\"4ced02c6\" data-element_type=\"widget\" data-e-type=\"widget\" data-widget_type=\"shortcode.default\">\n\t\t\t\t<div class=\"elementor-widget-container\">\n\t\t\t\t\t\t\t<div class=\"elementor-shortcode\"><div class='docProducts'><div class='document_section'><div class='inner_section'><a href=\"https:\/\/elastochem.com\/wp-content\/uploads\/2025\/03\/SwiftSeal_AC100_TDS_Rev1.pdf\"><div class='docImg'><img src='\/wp-content\/uploads\/2023\/08\/pdf-1@3x.png' alt='Doc Image'><\/div><div class='docsTexts'><div class='doc_sec_title'>Ficha t\u00e9cnica - SwiftSeal AC100<\/div><div class='doc_short_desc'>Haga clic aqu\u00ed para ver este documento<\/div><\/div><\/a><\/div><div class='inner_section'><a href=\"https:\/\/elastochem.com\/wp-content\/uploads\/2025\/03\/SDS_SwiftSealAC100_english.pdf\"><div class='docImg'><img src='\/wp-content\/uploads\/2023\/08\/pdf-1@3x.png' alt='Doc Image'><\/div><div class='docsTexts'><div class='doc_sec_title'>Ficha de datos de seguridad - SwiftSeal AC100<\/div><div class='doc_short_desc'>Haga clic aqu\u00ed para ver este documento<\/div><\/div><\/a><\/div><\/div><\/div><\/div>\n\t\t\t\t\t\t<\/div>\n\t\t\t\t<\/div>\n\t\t\t\t<div class=\"elementor-element elementor-element-1107f073 elementor-align-center elementor-widget elementor-widget-button\" data-id=\"1107f073\" data-element_type=\"widget\" data-e-type=\"widget\" data-widget_type=\"button.default\">\n\t\t\t\t<div class=\"elementor-widget-container\">\n\t\t\t\t\t\t\t\t\t<div class=\"elementor-button-wrapper\">\n\t\t\t\t\t<a class=\"elementor-button elementor-button-link elementor-size-sm\" href=\"https:\/\/elastochem.com\/es\/resources\/\">\n\t\t\t\t\t\t<span class=\"elementor-button-content-wrapper\">\n\t\t\t\t\t\t\t\t\t<span class=\"elementor-button-text\">Todos los recursos<\/span>\n\t\t\t\t\t<\/span>\n\t\t\t\t\t<\/a>\n\t\t\t\t<\/div>\n\t\t\t\t\t\t\t\t<\/div>\n\t\t\t\t<\/div>\n\t\t\t\t\t<\/div>\n\t\t<\/div>\n\t\t\t\t\t<\/div>\n\t\t<\/section>\n\t\t\t\t<section class=\"elementor-section elementor-inner-section elementor-element elementor-element-113f5f5 elementor-section-boxed elementor-section-height-default elementor-section-height-default\" data-id=\"113f5f5\" data-element_type=\"section\" data-e-type=\"section\">\n\t\t\t\t\t\t<div class=\"elementor-container elementor-column-gap-default\">\n\t\t\t\t\t<div class=\"elementor-column elementor-col-100 elementor-inner-column elementor-element elementor-element-34dad004\" data-id=\"34dad004\" data-element_type=\"column\" data-e-type=\"column\">\n\t\t\t<div class=\"elementor-widget-wrap elementor-element-populated\">\n\t\t\t\t\t\t<div class=\"elementor-element elementor-element-1e832dae elementor-widget elementor-widget-heading\" data-id=\"1e832dae\" data-element_type=\"widget\" data-e-type=\"widget\" data-widget_type=\"heading.default\">\n\t\t\t\t<div class=\"elementor-widget-container\">\n\t\t\t\t\t<h2 class=\"elementor-heading-title elementor-size-default\">Productos destacados<\/h2>\t\t\t\t<\/div>\n\t\t\t\t<\/div>\n\t\t\t\t<div class=\"elementor-element elementor-element-6c5c5e10 elementor-widget__width-initial elementor-widget-tablet__width-inherit elementor-widget elementor-widget-text-editor\" data-id=\"6c5c5e10\" data-element_type=\"widget\" data-e-type=\"widget\" data-widget_type=\"text-editor.default\">\n\t\t\t\t<div class=\"elementor-widget-container\">\n\t\t\t\t\t\t\t\t\t<p>Descubra las excepcionales caracter\u00edsticas que distinguen a nuestros productos.<\/p>\t\t\t\t\t\t\t\t<\/div>\n\t\t\t\t<\/div>\n\t\t\t\t\t<\/div>\n\t\t<\/div>\n\t\t\t\t\t<\/div>\n\t\t<\/section>\n\t\t\t\t<section class=\"elementor-section elementor-inner-section elementor-element elementor-element-64dbf5e8 proHighSLider ovetHidden sliderFullWidth elementor-section-boxed elementor-section-height-default elementor-section-height-default\" data-id=\"64dbf5e8\" data-element_type=\"section\" data-e-type=\"section\">\n\t\t\t\t\t\t<div class=\"elementor-container elementor-column-gap-default\">\n\t\t\t\t\t<div class=\"elementor-column elementor-col-100 elementor-inner-column elementor-element elementor-element-55af552f\" data-id=\"55af552f\" data-element_type=\"column\" data-e-type=\"column\">\n\t\t\t<div class=\"elementor-widget-wrap elementor-element-populated\">\n\t\t\t\t\t\t<div class=\"elementor-element elementor-element-62db9768 productHighlightsBox elementor-widget elementor-widget-shortcode\" data-id=\"62db9768\" data-element_type=\"widget\" data-e-type=\"widget\" data-widget_type=\"shortcode.default\">\n\t\t\t\t<div class=\"elementor-widget-container\">\n\t\t\t\t\t\t\t<div class=\"elementor-shortcode\"><div id=\"productHighlights\" class=\"productHighlights\"><div class=\"productsHigh\" style=\"background-image: url();\">\n\t\t        <div class=\"productsOverlay\">\n\t\t            <div class=\"labelsTop\">\n\t\t                <h5>01<\/h5>\n\t\t                <h3>Protecci\u00f3n UV<\/h3>\n\t\t                <p>Protege su superficie de la da\u00f1ina degradaci\u00f3n UV<\/p>\n\t\t            <\/div>\n\t\t            <a href=\"\" class=\"learnMoreBtn\"><\/a>\n\t\t        <\/div>\n\t\t    <\/div><div class=\"productsHigh\" style=\"background-image: url();\">\n\t\t        <div class=\"productsOverlay\">\n\t\t            <div class=\"labelsTop\">\n\t\t                <h5>02<\/h5>\n\t\t                <h3>Resistente al agrietamiento y la descamaci\u00f3n<\/h3>\n\t\t                <p>Dise\u00f1ado para soportar todo tipo de condiciones meteorol\u00f3gicas extremas<\/p>\n\t\t            <\/div>\n\t\t            <a href=\"\" class=\"learnMoreBtn\"><\/a>\n\t\t        <\/div>\n\t\t    <\/div><div class=\"productsHigh\" style=\"background-image: url();\">\n\t\t        <div class=\"productsOverlay\">\n\t\t            <div class=\"labelsTop\">\n\t\t                <h5>03<\/h5>\n\t\t                <h3>Estabilidad t\u00e9rmica<\/h3>\n\t\t                <p>Minimiza la dilataci\u00f3n y contracci\u00f3n t\u00e9rmicas<\/p>\n\t\t            <\/div>\n\t\t            <a href=\"\" class=\"learnMoreBtn\"><\/a>\n\t\t        <\/div>\n\t\t    <\/div><div class=\"productsHigh\" style=\"background-image: url();\">\n\t\t        <div class=\"productsOverlay\">\n\t\t            <div class=\"labelsTop\">\n\t\t                <h5>04<\/h5>\n\t\t                <h3>Menores costes de refrigeraci\u00f3n<\/h3>\n\t\t                <p>Reduce las temperaturas bajo el tejado, disminuyendo los costes de refrigeraci\u00f3n<\/p>\n\t\t            <\/div>\n\t\t            <a href=\"\" class=\"learnMoreBtn\"><\/a>\n\t\t        <\/div>\n\t\t    <\/div><\/div><\/div>\n\t\t\t\t\t\t<\/div>\n\t\t\t\t<\/div>\n\t\t\t\t\t<\/div>\n\t\t<\/div>\n\t\t\t\t\t<\/div>\n\t\t<\/section>\n\t\t\t\t\t<\/div>\n\t\t<\/div>\n\t\t\t\t\t<\/div>\n\t\t<\/section>\n\t\t\t\t<\/div>","protected":false},"excerpt":{"rendered":"<p>Elastochem Product SwiftSeal AC100 Acrylic Coating SwiftSeal AC100 is an acrylic coating formulated using a 100% acrylic polymer that delivers effective resistance to weather and superior reflectivity properties. It is designed to resist cracking and peeling as well as deliver excellent protection from UV degradation. Talk to an Expert Key Properties 100% Acrylic Resin Vehicle [&hellip;]<\/p>\n","protected":false},"featured_media":0,"parent":0,"menu_order":0,"template":"","product_category":[91],"class_list":["post-11180","product","type-product","status-publish","hentry","product_category-coatings"],"acf":[],"_links":{"self":[{"href":"https:\/\/elastochem.com\/es\/wp-json\/wp\/v2\/product\/11180","targetHints":{"allow":["GET"]}}],"collection":[{"href":"https:\/\/elastochem.com\/es\/wp-json\/wp\/v2\/product"}],"about":[{"href":"https:\/\/elastochem.com\/es\/wp-json\/wp\/v2\/types\/product"}],"version-history":[{"count":1,"href":"https:\/\/elastochem.com\/es\/wp-json\/wp\/v2\/product\/11180\/revisions"}],"predecessor-version":[{"id":13788,"href":"https:\/\/elastochem.com\/es\/wp-json\/wp\/v2\/product\/11180\/revisions\/13788"}],"wp:attachment":[{"href":"https:\/\/elastochem.com\/es\/wp-json\/wp\/v2\/media?parent=11180"}],"wp:term":[{"taxonomy":"product_category","embeddable":true,"href":"https:\/\/elastochem.com\/es\/wp-json\/wp\/v2\/product_category?post=11180"}],"curies":[{"name":"wp","href":"https:\/\/api.w.org\/{rel}","templated":true}]}}