{"id":11179,"date":"2025-03-26T15:20:34","date_gmt":"2025-03-26T19:20:34","guid":{"rendered":"https:\/\/elastochem.com\/?post_type=product&#038;p=11179"},"modified":"2026-01-28T16:30:34","modified_gmt":"2026-01-28T21:30:34","slug":"swiftseal-src300","status":"publish","type":"product","link":"https:\/\/elastochem.com\/es\/product\/swiftseal-src300\/","title":{"rendered":"SwiftSeal SRC300"},"content":{"rendered":"<div data-elementor-type=\"wp-post\" data-elementor-id=\"11179\" class=\"elementor elementor-11179\" data-elementor-settings=\"{&quot;element_pack_global_tooltip_width&quot;:{&quot;unit&quot;:&quot;px&quot;,&quot;size&quot;:&quot;&quot;,&quot;sizes&quot;:[]},&quot;element_pack_global_tooltip_width_laptop&quot;:{&quot;unit&quot;:&quot;px&quot;,&quot;size&quot;:&quot;&quot;,&quot;sizes&quot;:[]},&quot;element_pack_global_tooltip_width_tablet_extra&quot;:{&quot;unit&quot;:&quot;px&quot;,&quot;size&quot;:&quot;&quot;,&quot;sizes&quot;:[]},&quot;element_pack_global_tooltip_width_tablet&quot;:{&quot;unit&quot;:&quot;px&quot;,&quot;size&quot;:&quot;&quot;,&quot;sizes&quot;:[]},&quot;element_pack_global_tooltip_width_mobile&quot;:{&quot;unit&quot;:&quot;px&quot;,&quot;size&quot;:&quot;&quot;,&quot;sizes&quot;:[]},&quot;element_pack_global_tooltip_padding&quot;:{&quot;unit&quot;:&quot;px&quot;,&quot;top&quot;:&quot;&quot;,&quot;right&quot;:&quot;&quot;,&quot;bottom&quot;:&quot;&quot;,&quot;left&quot;:&quot;&quot;,&quot;isLinked&quot;:true},&quot;element_pack_global_tooltip_padding_laptop&quot;:{&quot;unit&quot;:&quot;px&quot;,&quot;top&quot;:&quot;&quot;,&quot;right&quot;:&quot;&quot;,&quot;bottom&quot;:&quot;&quot;,&quot;left&quot;:&quot;&quot;,&quot;isLinked&quot;:true},&quot;element_pack_global_tooltip_padding_tablet_extra&quot;:{&quot;unit&quot;:&quot;px&quot;,&quot;top&quot;:&quot;&quot;,&quot;right&quot;:&quot;&quot;,&quot;bottom&quot;:&quot;&quot;,&quot;left&quot;:&quot;&quot;,&quot;isLinked&quot;:true},&quot;element_pack_global_tooltip_padding_tablet&quot;:{&quot;unit&quot;:&quot;px&quot;,&quot;top&quot;:&quot;&quot;,&quot;right&quot;:&quot;&quot;,&quot;bottom&quot;:&quot;&quot;,&quot;left&quot;:&quot;&quot;,&quot;isLinked&quot;:true},&quot;element_pack_global_tooltip_padding_mobile&quot;:{&quot;unit&quot;:&quot;px&quot;,&quot;top&quot;:&quot;&quot;,&quot;right&quot;:&quot;&quot;,&quot;bottom&quot;:&quot;&quot;,&quot;left&quot;:&quot;&quot;,&quot;isLinked&quot;:true},&quot;element_pack_global_tooltip_border_radius&quot;:{&quot;unit&quot;:&quot;px&quot;,&quot;top&quot;:&quot;&quot;,&quot;right&quot;:&quot;&quot;,&quot;bottom&quot;:&quot;&quot;,&quot;left&quot;:&quot;&quot;,&quot;isLinked&quot;:true},&quot;element_pack_global_tooltip_border_radius_laptop&quot;:{&quot;unit&quot;:&quot;px&quot;,&quot;top&quot;:&quot;&quot;,&quot;right&quot;:&quot;&quot;,&quot;bottom&quot;:&quot;&quot;,&quot;left&quot;:&quot;&quot;,&quot;isLinked&quot;:true},&quot;element_pack_global_tooltip_border_radius_tablet_extra&quot;:{&quot;unit&quot;:&quot;px&quot;,&quot;top&quot;:&quot;&quot;,&quot;right&quot;:&quot;&quot;,&quot;bottom&quot;:&quot;&quot;,&quot;left&quot;:&quot;&quot;,&quot;isLinked&quot;:true},&quot;element_pack_global_tooltip_border_radius_tablet&quot;:{&quot;unit&quot;:&quot;px&quot;,&quot;top&quot;:&quot;&quot;,&quot;right&quot;:&quot;&quot;,&quot;bottom&quot;:&quot;&quot;,&quot;left&quot;:&quot;&quot;,&quot;isLinked&quot;:true},&quot;element_pack_global_tooltip_border_radius_mobile&quot;:{&quot;unit&quot;:&quot;px&quot;,&quot;top&quot;:&quot;&quot;,&quot;right&quot;:&quot;&quot;,&quot;bottom&quot;:&quot;&quot;,&quot;left&quot;:&quot;&quot;,&quot;isLinked&quot;:true}}\" data-elementor-post-type=\"product\">\n\t\t\t\t\t\t<section class=\"elementor-section elementor-top-section elementor-element elementor-element-312717f elementor-section-full_width elementor-section-height-default elementor-section-height-default\" data-id=\"312717f\" data-element_type=\"section\" data-e-type=\"section\">\n\t\t\t\t\t\t<div class=\"elementor-container elementor-column-gap-default\">\n\t\t\t\t\t<div class=\"elementor-column elementor-col-50 elementor-top-column elementor-element elementor-element-10d619a8 bdt-backdrop-filter-yes bdt-filter-backdrop\" data-id=\"10d619a8\" data-element_type=\"column\" data-e-type=\"column\" data-settings=\"{&quot;background_background&quot;:&quot;classic&quot;}\">\n\t\t\t<div class=\"elementor-widget-wrap elementor-element-populated\">\n\t\t\t\t\t<div class=\"elementor-background-overlay\"><\/div>\n\t\t\t\t\t\t<div class=\"elementor-element elementor-element-3545d837 elementor-widget__width-initial elementor-widget elementor-widget-image\" data-id=\"3545d837\" data-element_type=\"widget\" data-e-type=\"widget\" data-widget_type=\"image.default\">\n\t\t\t\t<div class=\"elementor-widget-container\">\n\t\t\t\t\t\t\t\t\t\t\t\t\t\t\t<img fetchpriority=\"high\" decoding=\"async\" width=\"768\" height=\"127\" src=\"https:\/\/elastochem.com\/wp-content\/uploads\/2025\/02\/SwiftSeal_Logo_White-768x127.png\" class=\"attachment-medium_large size-medium_large wp-image-10958\" alt=\"White Swift Seal logo.\" srcset=\"https:\/\/elastochem.com\/wp-content\/uploads\/2025\/02\/SwiftSeal_Logo_White-768x127.png 768w, https:\/\/elastochem.com\/wp-content\/uploads\/2025\/02\/SwiftSeal_Logo_White-300x50.png 300w, https:\/\/elastochem.com\/wp-content\/uploads\/2025\/02\/SwiftSeal_Logo_White-1024x169.png 1024w, https:\/\/elastochem.com\/wp-content\/uploads\/2025\/02\/SwiftSeal_Logo_White-1536x254.png 1536w, https:\/\/elastochem.com\/wp-content\/uploads\/2025\/02\/SwiftSeal_Logo_White-2048x339.png 2048w, https:\/\/elastochem.com\/wp-content\/uploads\/2025\/02\/SwiftSeal_Logo_White-18x3.png 18w\" sizes=\"(max-width: 768px) 100vw, 768px\" \/>\t\t\t\t\t\t\t\t\t\t\t\t\t\t\t<\/div>\n\t\t\t\t<\/div>\n\t\t\t\t\t<\/div>\n\t\t<\/div>\n\t\t\t\t<div class=\"elementor-column elementor-col-50 elementor-top-column elementor-element elementor-element-62f10e97\" data-id=\"62f10e97\" data-element_type=\"column\" data-e-type=\"column\">\n\t\t\t<div class=\"elementor-widget-wrap elementor-element-populated\">\n\t\t\t\t\t\t<div class=\"elementor-element elementor-element-7ea679ba elementor-widget elementor-widget-bdt-breadcrumbs\" data-id=\"7ea679ba\" data-element_type=\"widget\" data-e-type=\"widget\" data-widget_type=\"bdt-breadcrumbs.default\">\n\t\t\t\t<div class=\"elementor-widget-container\">\n\t\t\t\t\t<div class='bdt-ep-breadcrumbs-wrapper'><ul class=\"bdt-ep-breadcrumb breadcrumb-align-left\"><li><a href=\"https:\/\/elastochem.com\/es\/\">Elastochem<\/a><\/li>\n<li><span> Producto<\/span><\/li>\n<\/ul><\/div>\t\t\t\t<\/div>\n\t\t\t\t<\/div>\n\t\t\t\t<div class=\"elementor-element elementor-element-6306adc elementor-widget__width-initial elementor-widget elementor-widget-heading\" data-id=\"6306adc\" data-element_type=\"widget\" data-e-type=\"widget\" data-widget_type=\"heading.default\">\n\t\t\t\t<div class=\"elementor-widget-container\">\n\t\t\t\t\t<h2 class=\"elementor-heading-title elementor-size-default\">SwiftSeal SRC300<\/h2>\t\t\t\t<\/div>\n\t\t\t\t<\/div>\n\t\t\t\t<div class=\"elementor-element elementor-element-7a06a612 elementor-widget__width-initial elementor-widget elementor-widget-text-editor\" data-id=\"7a06a612\" data-element_type=\"widget\" data-e-type=\"widget\" data-widget_type=\"text-editor.default\">\n\t\t\t\t<div class=\"elementor-widget-container\">\n\t\t\t\t\t\t\t\t\t<p>Recubrimiento de silicona para tejados<\/p>\t\t\t\t\t\t\t\t<\/div>\n\t\t\t\t<\/div>\n\t\t\t\t<div class=\"elementor-element elementor-element-6872ad11 elementor-widget__width-initial elementor-widget elementor-widget-text-editor\" data-id=\"6872ad11\" data-element_type=\"widget\" data-e-type=\"widget\" data-widget_type=\"text-editor.default\">\n\t\t\t\t<div class=\"elementor-widget-container\">\n\t\t\t\t\t\t\t\t\t<p>SwiftSeal SRC300 es un revestimiento de caucho de silicona para tejados, de un solo componente y de curado por humedad, dise\u00f1ado para su uso en superficies lisas BUR existentes, l\u00e1minas de remate granuladas, revestimientos acr\u00edlicos bien adheridos, hormig\u00f3n, metal, espuma de poliuretano pulverizada in situ y diversos tejados de membrana monocapa.<\/p>\t\t\t\t\t\t\t\t<\/div>\n\t\t\t\t<\/div>\n\t\t\t\t<div class=\"elementor-element elementor-element-3e2d0f8e elementor-align-left elementor-mobile-align-left elementor-widget elementor-widget-button\" data-id=\"3e2d0f8e\" data-element_type=\"widget\" data-e-type=\"widget\" data-widget_type=\"button.default\">\n\t\t\t\t<div class=\"elementor-widget-container\">\n\t\t\t\t\t\t\t\t\t<div class=\"elementor-button-wrapper\">\n\t\t\t\t\t<a class=\"elementor-button elementor-button-link elementor-size-sm\" href=\"\/es\/where-to-buy\/\">\n\t\t\t\t\t\t<span class=\"elementor-button-content-wrapper\">\n\t\t\t\t\t\t\t\t\t<span class=\"elementor-button-text\">Hable con un experto<\/span>\n\t\t\t\t\t<\/span>\n\t\t\t\t\t<\/a>\n\t\t\t\t<\/div>\n\t\t\t\t\t\t\t\t<\/div>\n\t\t\t\t<\/div>\n\t\t\t\t\t<\/div>\n\t\t<\/div>\n\t\t\t\t\t<\/div>\n\t\t<\/section>\n\t\t\t\t<section class=\"elementor-section elementor-top-section elementor-element elementor-element-3568ab7d elementor-section-full_width KeyFeatureBG elementor-section-height-default elementor-section-height-default\" data-id=\"3568ab7d\" data-element_type=\"section\" data-e-type=\"section\" data-settings=\"{&quot;background_background&quot;:&quot;gradient&quot;}\">\n\t\t\t\t\t\t<div class=\"elementor-container elementor-column-gap-default\">\n\t\t\t\t\t<div class=\"elementor-column elementor-col-100 elementor-top-column elementor-element elementor-element-43debd98\" data-id=\"43debd98\" data-element_type=\"column\" data-e-type=\"column\">\n\t\t\t<div class=\"elementor-widget-wrap elementor-element-populated\">\n\t\t\t\t\t\t<section class=\"elementor-section elementor-inner-section elementor-element elementor-element-7234eb1b elementor-section-boxed elementor-section-height-default elementor-section-height-default\" data-id=\"7234eb1b\" data-element_type=\"section\" data-e-type=\"section\">\n\t\t\t\t\t\t<div class=\"elementor-container elementor-column-gap-default\">\n\t\t\t\t\t<div class=\"elementor-column elementor-col-50 elementor-inner-column elementor-element elementor-element-586376ed\" data-id=\"586376ed\" data-element_type=\"column\" data-e-type=\"column\">\n\t\t\t<div class=\"elementor-widget-wrap elementor-element-populated\">\n\t\t\t\t\t\t<div class=\"elementor-element elementor-element-1eb34ede elementor-widget elementor-widget-heading\" data-id=\"1eb34ede\" data-element_type=\"widget\" data-e-type=\"widget\" data-widget_type=\"heading.default\">\n\t\t\t\t<div class=\"elementor-widget-container\">\n\t\t\t\t\t<h2 class=\"elementor-heading-title elementor-size-default\">Propiedades clave<\/h2>\t\t\t\t<\/div>\n\t\t\t\t<\/div>\n\t\t\t\t<div class=\"elementor-element elementor-element-59181b0f elementor-widget elementor-widget-image-box\" data-id=\"59181b0f\" data-element_type=\"widget\" data-e-type=\"widget\" data-widget_type=\"image-box.default\">\n\t\t\t\t<div class=\"elementor-widget-container\">\n\t\t\t\t\t<div class=\"elementor-image-box-wrapper\"><div class=\"elementor-image-box-content\"><h3 class=\"elementor-image-box-title\">37 Shore A<\/h3><p class=\"elementor-image-box-description\">Dureza del dur\u00f3metro<\/p><\/div><\/div>\t\t\t\t<\/div>\n\t\t\t\t<\/div>\n\t\t\t\t<div class=\"elementor-element elementor-element-2b4cf42 elementor-widget-divider--view-line elementor-widget elementor-widget-divider\" data-id=\"2b4cf42\" data-element_type=\"widget\" data-e-type=\"widget\" data-widget_type=\"divider.default\">\n\t\t\t\t<div class=\"elementor-widget-container\">\n\t\t\t\t\t\t\t<div class=\"elementor-divider\">\n\t\t\t<span class=\"elementor-divider-separator\">\n\t\t\t\t\t\t<\/span>\n\t\t<\/div>\n\t\t\t\t\t\t<\/div>\n\t\t\t\t<\/div>\n\t\t\t\t<div class=\"elementor-element elementor-element-5f0a9d23 elementor-widget elementor-widget-image-box\" data-id=\"5f0a9d23\" data-element_type=\"widget\" data-e-type=\"widget\" data-widget_type=\"image-box.default\">\n\t\t\t\t<div class=\"elementor-widget-container\">\n\t\t\t\t\t<div class=\"elementor-image-box-wrapper\"><div class=\"elementor-image-box-content\"><h3 class=\"elementor-image-box-title\">235%<\/h3><p class=\"elementor-image-box-description\">Alargamiento<\/p><\/div><\/div>\t\t\t\t<\/div>\n\t\t\t\t<\/div>\n\t\t\t\t<div class=\"elementor-element elementor-element-73684956 elementor-widget-divider--view-line elementor-widget elementor-widget-divider\" data-id=\"73684956\" data-element_type=\"widget\" data-e-type=\"widget\" data-widget_type=\"divider.default\">\n\t\t\t\t<div class=\"elementor-widget-container\">\n\t\t\t\t\t\t\t<div class=\"elementor-divider\">\n\t\t\t<span class=\"elementor-divider-separator\">\n\t\t\t\t\t\t<\/span>\n\t\t<\/div>\n\t\t\t\t\t\t<\/div>\n\t\t\t\t<\/div>\n\t\t\t\t<div class=\"elementor-element elementor-element-1281c63 elementor-widget elementor-widget-image-box\" data-id=\"1281c63\" data-element_type=\"widget\" data-e-type=\"widget\" data-widget_type=\"image-box.default\">\n\t\t\t\t<div class=\"elementor-widget-container\">\n\t\t\t\t\t<div class=\"elementor-image-box-wrapper\"><div class=\"elementor-image-box-content\"><h3 class=\"elementor-image-box-title\">Blanco o gris claro<\/h3><p class=\"elementor-image-box-description\">Color<\/p><\/div><\/div>\t\t\t\t<\/div>\n\t\t\t\t<\/div>\n\t\t\t\t\t<\/div>\n\t\t<\/div>\n\t\t\t\t<div class=\"elementor-column elementor-col-50 elementor-inner-column elementor-element elementor-element-28670ece docTypeCol\" data-id=\"28670ece\" data-element_type=\"column\" data-e-type=\"column\">\n\t\t\t<div class=\"elementor-widget-wrap elementor-element-populated\">\n\t\t\t\t\t\t<div class=\"elementor-element elementor-element-3089d615 elementor-widget elementor-widget-heading\" data-id=\"3089d615\" data-element_type=\"widget\" data-e-type=\"widget\" data-widget_type=\"heading.default\">\n\t\t\t\t<div class=\"elementor-widget-container\">\n\t\t\t\t\t<h2 class=\"elementor-heading-title elementor-size-default\">Documentos y recursos<\/h2>\t\t\t\t<\/div>\n\t\t\t\t<\/div>\n\t\t\t\t<div class=\"elementor-element elementor-element-74b86ad2 elementor-widget elementor-widget-shortcode\" data-id=\"74b86ad2\" data-element_type=\"widget\" data-e-type=\"widget\" data-widget_type=\"shortcode.default\">\n\t\t\t\t<div class=\"elementor-widget-container\">\n\t\t\t\t\t\t\t<div class=\"elementor-shortcode\"><div class='docProducts'><div class='document_section'><div class='inner_section'><a href=\"https:\/\/elastochem.com\/wp-content\/uploads\/2025\/03\/SwiftSeal_SRC300_TDS_Rev1.pdf\"><div class='docImg'><img src='\/wp-content\/uploads\/2023\/08\/pdf-1@3x.png' alt='Doc Image'><\/div><div class='docsTexts'><div class='doc_sec_title'>Ficha t\u00e9cnica - SwiftSeal SRC300<\/div><div class='doc_short_desc'>Haga clic aqu\u00ed para ver este documento<\/div><\/div><\/a><\/div><div class='inner_section'><a href=\"https:\/\/elastochem.com\/wp-content\/uploads\/2025\/03\/SwiftSeal_SRC300_CoverageGuide_Imperial.pdf\"><div class='docImg'><img src='\/wp-content\/uploads\/2023\/08\/pdf-1@3x.png' alt='Doc Image'><\/div><div class='docsTexts'><div class='doc_sec_title'>Gu\u00eda de cobertura - SwiftSeal SRC300<\/div><div class='doc_short_desc'>Haga clic aqu\u00ed para ver este documento<\/div><\/div><\/a><\/div><div class='inner_section'><a href=\"https:\/\/elastochem.com\/wp-content\/uploads\/2025\/03\/SDS_SwiftSealSRC300_english.pdf\"><div class='docImg'><img src='\/wp-content\/uploads\/2023\/08\/pdf-1@3x.png' alt='Doc Image'><\/div><div class='docsTexts'><div class='doc_sec_title'>Ficha de datos de seguridad - SwiftSeal SRC300<\/div><div class='doc_short_desc'>Haga clic aqu\u00ed para ver este documento<\/div><\/div><\/a><\/div><\/div><\/div><\/div>\n\t\t\t\t\t\t<\/div>\n\t\t\t\t<\/div>\n\t\t\t\t<div class=\"elementor-element elementor-element-1297403f elementor-align-center elementor-widget elementor-widget-button\" data-id=\"1297403f\" data-element_type=\"widget\" data-e-type=\"widget\" data-widget_type=\"button.default\">\n\t\t\t\t<div class=\"elementor-widget-container\">\n\t\t\t\t\t\t\t\t\t<div class=\"elementor-button-wrapper\">\n\t\t\t\t\t<a class=\"elementor-button elementor-button-link elementor-size-sm\" href=\"https:\/\/elastochem.com\/es\/resources\/\">\n\t\t\t\t\t\t<span class=\"elementor-button-content-wrapper\">\n\t\t\t\t\t\t\t\t\t<span class=\"elementor-button-text\">Todos los recursos<\/span>\n\t\t\t\t\t<\/span>\n\t\t\t\t\t<\/a>\n\t\t\t\t<\/div>\n\t\t\t\t\t\t\t\t<\/div>\n\t\t\t\t<\/div>\n\t\t\t\t\t<\/div>\n\t\t<\/div>\n\t\t\t\t\t<\/div>\n\t\t<\/section>\n\t\t\t\t<section class=\"elementor-section elementor-inner-section elementor-element elementor-element-7ca0e122 elementor-section-boxed elementor-section-height-default elementor-section-height-default\" data-id=\"7ca0e122\" data-element_type=\"section\" data-e-type=\"section\">\n\t\t\t\t\t\t<div class=\"elementor-container elementor-column-gap-default\">\n\t\t\t\t\t<div class=\"elementor-column elementor-col-100 elementor-inner-column elementor-element elementor-element-138be7d5\" data-id=\"138be7d5\" data-element_type=\"column\" data-e-type=\"column\">\n\t\t\t<div class=\"elementor-widget-wrap elementor-element-populated\">\n\t\t\t\t\t\t<div class=\"elementor-element elementor-element-28092e82 elementor-widget elementor-widget-heading\" data-id=\"28092e82\" data-element_type=\"widget\" data-e-type=\"widget\" data-widget_type=\"heading.default\">\n\t\t\t\t<div class=\"elementor-widget-container\">\n\t\t\t\t\t<h2 class=\"elementor-heading-title elementor-size-default\">Productos destacados<\/h2>\t\t\t\t<\/div>\n\t\t\t\t<\/div>\n\t\t\t\t<div class=\"elementor-element elementor-element-6fd85616 elementor-widget__width-initial elementor-widget-tablet__width-inherit elementor-widget elementor-widget-text-editor\" data-id=\"6fd85616\" data-element_type=\"widget\" data-e-type=\"widget\" data-widget_type=\"text-editor.default\">\n\t\t\t\t<div class=\"elementor-widget-container\">\n\t\t\t\t\t\t\t\t\t<p>Descubra las excepcionales caracter\u00edsticas que distinguen a nuestros productos.<\/p>\t\t\t\t\t\t\t\t<\/div>\n\t\t\t\t<\/div>\n\t\t\t\t\t<\/div>\n\t\t<\/div>\n\t\t\t\t\t<\/div>\n\t\t<\/section>\n\t\t\t\t<section class=\"elementor-section elementor-inner-section elementor-element elementor-element-1d27422 proHighSLider ovetHidden sliderFullWidth elementor-section-boxed elementor-section-height-default elementor-section-height-default\" data-id=\"1d27422\" data-element_type=\"section\" data-e-type=\"section\">\n\t\t\t\t\t\t<div class=\"elementor-container elementor-column-gap-default\">\n\t\t\t\t\t<div class=\"elementor-column elementor-col-100 elementor-inner-column elementor-element elementor-element-3361a088\" data-id=\"3361a088\" data-element_type=\"column\" data-e-type=\"column\">\n\t\t\t<div class=\"elementor-widget-wrap elementor-element-populated\">\n\t\t\t\t\t\t<div class=\"elementor-element elementor-element-108f7408 productHighlightsBox elementor-widget elementor-widget-shortcode\" data-id=\"108f7408\" data-element_type=\"widget\" data-e-type=\"widget\" data-widget_type=\"shortcode.default\">\n\t\t\t\t<div class=\"elementor-widget-container\">\n\t\t\t\t\t\t\t<div class=\"elementor-shortcode\"><div id=\"productHighlights\" class=\"productHighlights\"><div class=\"productsHigh\" style=\"background-image: url();\">\n\t\t        <div class=\"productsOverlay\">\n\t\t            <div class=\"labelsTop\">\n\t\t                <h5>01<\/h5>\n\t\t                <h3>Protecci\u00f3n a largo plazo<\/h3>\n\t\t                <p>Resiste la intemperie, el envejecimiento, la oxidaci\u00f3n y las temperaturas extremas de los tejados<\/p>\n\t\t            <\/div>\n\t\t            <a href=\"\" class=\"learnMoreBtn\"><\/a>\n\t\t        <\/div>\n\t\t    <\/div><div class=\"productsHigh\" style=\"background-image: url();\">\n\t\t        <div class=\"productsOverlay\">\n\t\t            <div class=\"labelsTop\">\n\t\t                <h5>02<\/h5>\n\t\t                <h3>Excelente adherencia<\/h3>\n\t\t                <p>Puede aplicarse en m\u00e1s de 40 mils en una sola capa sin formaci\u00f3n de ampollas<\/p>\n\t\t            <\/div>\n\t\t            <a href=\"\" class=\"learnMoreBtn\"><\/a>\n\t\t        <\/div>\n\t\t    <\/div><div class=\"productsHigh\" style=\"background-image: url();\">\n\t\t        <div class=\"productsOverlay\">\n\t\t            <div class=\"labelsTop\">\n\t\t                <h5>03<\/h5>\n\t\t                <h3>Estabilidad t\u00e9rmica<\/h3>\n\t\t                <p>Minimiza la dilataci\u00f3n y contracci\u00f3n t\u00e9rmicas<\/p>\n\t\t            <\/div>\n\t\t            <a href=\"\" class=\"learnMoreBtn\"><\/a>\n\t\t        <\/div>\n\t\t    <\/div><div class=\"productsHigh\" style=\"background-image: url();\">\n\t\t        <div class=\"productsOverlay\">\n\t\t            <div class=\"labelsTop\">\n\t\t                <h5>04<\/h5>\n\t\t                <h3>Menores costes de refrigeraci\u00f3n<\/h3>\n\t\t                <p>Reduce las temperaturas bajo el tejado, disminuyendo los costes de refrigeraci\u00f3n<\/p>\n\t\t            <\/div>\n\t\t            <a href=\"\" class=\"learnMoreBtn\"><\/a>\n\t\t        <\/div>\n\t\t    <\/div><\/div><\/div>\n\t\t\t\t\t\t<\/div>\n\t\t\t\t<\/div>\n\t\t\t\t\t<\/div>\n\t\t<\/div>\n\t\t\t\t\t<\/div>\n\t\t<\/section>\n\t\t\t\t\t<\/div>\n\t\t<\/div>\n\t\t\t\t\t<\/div>\n\t\t<\/section>\n\t\t\t\t<\/div>","protected":false},"excerpt":{"rendered":"<p>Elastochem Product SwiftSeal SRC300 Silicone Roof Coating SwiftSeal SRC300 is a one-component, moisture curing silicone rubber roof coating designed for use on existing smooth surface BUR, granulated cap sheet, well-adhered acrylic coating, concrete, metal, sprayed-in-place polyurethane foam and various single-ply membrane roofing. Talk to an Expert Key Properties 37 Shore A Durometer Hardness 235% Elongation [&hellip;]<\/p>\n","protected":false},"featured_media":0,"parent":0,"menu_order":0,"template":"","product_category":[91],"class_list":["post-11179","product","type-product","status-publish","hentry","product_category-coatings"],"acf":[],"_links":{"self":[{"href":"https:\/\/elastochem.com\/es\/wp-json\/wp\/v2\/product\/11179","targetHints":{"allow":["GET"]}}],"collection":[{"href":"https:\/\/elastochem.com\/es\/wp-json\/wp\/v2\/product"}],"about":[{"href":"https:\/\/elastochem.com\/es\/wp-json\/wp\/v2\/types\/product"}],"version-history":[{"count":1,"href":"https:\/\/elastochem.com\/es\/wp-json\/wp\/v2\/product\/11179\/revisions"}],"predecessor-version":[{"id":13786,"href":"https:\/\/elastochem.com\/es\/wp-json\/wp\/v2\/product\/11179\/revisions\/13786"}],"wp:attachment":[{"href":"https:\/\/elastochem.com\/es\/wp-json\/wp\/v2\/media?parent=11179"}],"wp:term":[{"taxonomy":"product_category","embeddable":true,"href":"https:\/\/elastochem.com\/es\/wp-json\/wp\/v2\/product_category?post=11179"}],"curies":[{"name":"wp","href":"https:\/\/api.w.org\/{rel}","templated":true}]}}