{"id":10862,"date":"2025-02-27T11:14:13","date_gmt":"2025-02-27T16:14:13","guid":{"rendered":"https:\/\/elastochem.com\/?post_type=product&#038;p=10862"},"modified":"2026-01-28T16:23:36","modified_gmt":"2026-01-28T21:23:36","slug":"swiftseal-p-150","status":"publish","type":"product","link":"https:\/\/elastochem.com\/es\/product\/swiftseal-p-150\/","title":{"rendered":"Imprimaci\u00f3n de poliuretano SwiftSeal P 150"},"content":{"rendered":"<div data-elementor-type=\"wp-post\" data-elementor-id=\"10862\" class=\"elementor elementor-10862\" data-elementor-settings=\"{&quot;element_pack_global_tooltip_width&quot;:{&quot;unit&quot;:&quot;px&quot;,&quot;size&quot;:&quot;&quot;,&quot;sizes&quot;:[]},&quot;element_pack_global_tooltip_width_laptop&quot;:{&quot;unit&quot;:&quot;px&quot;,&quot;size&quot;:&quot;&quot;,&quot;sizes&quot;:[]},&quot;element_pack_global_tooltip_width_tablet_extra&quot;:{&quot;unit&quot;:&quot;px&quot;,&quot;size&quot;:&quot;&quot;,&quot;sizes&quot;:[]},&quot;element_pack_global_tooltip_width_tablet&quot;:{&quot;unit&quot;:&quot;px&quot;,&quot;size&quot;:&quot;&quot;,&quot;sizes&quot;:[]},&quot;element_pack_global_tooltip_width_mobile&quot;:{&quot;unit&quot;:&quot;px&quot;,&quot;size&quot;:&quot;&quot;,&quot;sizes&quot;:[]},&quot;element_pack_global_tooltip_padding&quot;:{&quot;unit&quot;:&quot;px&quot;,&quot;top&quot;:&quot;&quot;,&quot;right&quot;:&quot;&quot;,&quot;bottom&quot;:&quot;&quot;,&quot;left&quot;:&quot;&quot;,&quot;isLinked&quot;:true},&quot;element_pack_global_tooltip_padding_laptop&quot;:{&quot;unit&quot;:&quot;px&quot;,&quot;top&quot;:&quot;&quot;,&quot;right&quot;:&quot;&quot;,&quot;bottom&quot;:&quot;&quot;,&quot;left&quot;:&quot;&quot;,&quot;isLinked&quot;:true},&quot;element_pack_global_tooltip_padding_tablet_extra&quot;:{&quot;unit&quot;:&quot;px&quot;,&quot;top&quot;:&quot;&quot;,&quot;right&quot;:&quot;&quot;,&quot;bottom&quot;:&quot;&quot;,&quot;left&quot;:&quot;&quot;,&quot;isLinked&quot;:true},&quot;element_pack_global_tooltip_padding_tablet&quot;:{&quot;unit&quot;:&quot;px&quot;,&quot;top&quot;:&quot;&quot;,&quot;right&quot;:&quot;&quot;,&quot;bottom&quot;:&quot;&quot;,&quot;left&quot;:&quot;&quot;,&quot;isLinked&quot;:true},&quot;element_pack_global_tooltip_padding_mobile&quot;:{&quot;unit&quot;:&quot;px&quot;,&quot;top&quot;:&quot;&quot;,&quot;right&quot;:&quot;&quot;,&quot;bottom&quot;:&quot;&quot;,&quot;left&quot;:&quot;&quot;,&quot;isLinked&quot;:true},&quot;element_pack_global_tooltip_border_radius&quot;:{&quot;unit&quot;:&quot;px&quot;,&quot;top&quot;:&quot;&quot;,&quot;right&quot;:&quot;&quot;,&quot;bottom&quot;:&quot;&quot;,&quot;left&quot;:&quot;&quot;,&quot;isLinked&quot;:true},&quot;element_pack_global_tooltip_border_radius_laptop&quot;:{&quot;unit&quot;:&quot;px&quot;,&quot;top&quot;:&quot;&quot;,&quot;right&quot;:&quot;&quot;,&quot;bottom&quot;:&quot;&quot;,&quot;left&quot;:&quot;&quot;,&quot;isLinked&quot;:true},&quot;element_pack_global_tooltip_border_radius_tablet_extra&quot;:{&quot;unit&quot;:&quot;px&quot;,&quot;top&quot;:&quot;&quot;,&quot;right&quot;:&quot;&quot;,&quot;bottom&quot;:&quot;&quot;,&quot;left&quot;:&quot;&quot;,&quot;isLinked&quot;:true},&quot;element_pack_global_tooltip_border_radius_tablet&quot;:{&quot;unit&quot;:&quot;px&quot;,&quot;top&quot;:&quot;&quot;,&quot;right&quot;:&quot;&quot;,&quot;bottom&quot;:&quot;&quot;,&quot;left&quot;:&quot;&quot;,&quot;isLinked&quot;:true},&quot;element_pack_global_tooltip_border_radius_mobile&quot;:{&quot;unit&quot;:&quot;px&quot;,&quot;top&quot;:&quot;&quot;,&quot;right&quot;:&quot;&quot;,&quot;bottom&quot;:&quot;&quot;,&quot;left&quot;:&quot;&quot;,&quot;isLinked&quot;:true}}\" data-elementor-post-type=\"product\">\n\t\t\t\t\t\t<section class=\"elementor-section elementor-top-section elementor-element elementor-element-eb56236 elementor-section-full_width elementor-section-height-default elementor-section-height-default\" data-id=\"eb56236\" data-element_type=\"section\" data-e-type=\"section\">\n\t\t\t\t\t\t<div class=\"elementor-container elementor-column-gap-default\">\n\t\t\t\t\t<div class=\"elementor-column elementor-col-50 elementor-top-column elementor-element elementor-element-78dc44e bdt-backdrop-filter-yes bdt-filter-backdrop\" data-id=\"78dc44e\" data-element_type=\"column\" data-e-type=\"column\" data-settings=\"{&quot;background_background&quot;:&quot;classic&quot;}\">\n\t\t\t<div class=\"elementor-widget-wrap elementor-element-populated\">\n\t\t\t\t\t<div class=\"elementor-background-overlay\"><\/div>\n\t\t\t\t\t\t<div class=\"elementor-element elementor-element-8bbfa23 elementor-widget__width-initial elementor-widget elementor-widget-image\" data-id=\"8bbfa23\" data-element_type=\"widget\" data-e-type=\"widget\" data-widget_type=\"image.default\">\n\t\t\t\t<div class=\"elementor-widget-container\">\n\t\t\t\t\t\t\t\t\t\t\t\t\t\t\t<img fetchpriority=\"high\" decoding=\"async\" width=\"768\" height=\"127\" src=\"https:\/\/elastochem.com\/wp-content\/uploads\/2025\/02\/SwiftSeal_Logo_White-768x127.png\" class=\"attachment-medium_large size-medium_large wp-image-10958\" alt=\"White Swift Seal logo.\" srcset=\"https:\/\/elastochem.com\/wp-content\/uploads\/2025\/02\/SwiftSeal_Logo_White-768x127.png 768w, https:\/\/elastochem.com\/wp-content\/uploads\/2025\/02\/SwiftSeal_Logo_White-300x50.png 300w, https:\/\/elastochem.com\/wp-content\/uploads\/2025\/02\/SwiftSeal_Logo_White-1024x169.png 1024w, https:\/\/elastochem.com\/wp-content\/uploads\/2025\/02\/SwiftSeal_Logo_White-1536x254.png 1536w, https:\/\/elastochem.com\/wp-content\/uploads\/2025\/02\/SwiftSeal_Logo_White-2048x339.png 2048w, https:\/\/elastochem.com\/wp-content\/uploads\/2025\/02\/SwiftSeal_Logo_White-18x3.png 18w\" sizes=\"(max-width: 768px) 100vw, 768px\" \/>\t\t\t\t\t\t\t\t\t\t\t\t\t\t\t<\/div>\n\t\t\t\t<\/div>\n\t\t\t\t\t<\/div>\n\t\t<\/div>\n\t\t\t\t<div class=\"elementor-column elementor-col-50 elementor-top-column elementor-element elementor-element-c9c2487\" data-id=\"c9c2487\" data-element_type=\"column\" data-e-type=\"column\">\n\t\t\t<div class=\"elementor-widget-wrap elementor-element-populated\">\n\t\t\t\t\t\t<div class=\"elementor-element elementor-element-fa7b0b7 elementor-widget elementor-widget-bdt-breadcrumbs\" data-id=\"fa7b0b7\" data-element_type=\"widget\" data-e-type=\"widget\" data-widget_type=\"bdt-breadcrumbs.default\">\n\t\t\t\t<div class=\"elementor-widget-container\">\n\t\t\t\t\t<div class='bdt-ep-breadcrumbs-wrapper'><ul class=\"bdt-ep-breadcrumb breadcrumb-align-left\"><li><a href=\"https:\/\/elastochem.com\/es\/\">Elastochem<\/a><\/li>\n<li><span> Producto<\/span><\/li>\n<\/ul><\/div>\t\t\t\t<\/div>\n\t\t\t\t<\/div>\n\t\t\t\t<div class=\"elementor-element elementor-element-9dd0555 elementor-widget__width-initial elementor-widget elementor-widget-heading\" data-id=\"9dd0555\" data-element_type=\"widget\" data-e-type=\"widget\" data-widget_type=\"heading.default\">\n\t\t\t\t<div class=\"elementor-widget-container\">\n\t\t\t\t\t<h2 class=\"elementor-heading-title elementor-size-default\">SwiftSeal P 150<\/h2>\t\t\t\t<\/div>\n\t\t\t\t<\/div>\n\t\t\t\t<div class=\"elementor-element elementor-element-dfcb9f7 elementor-widget__width-initial elementor-widget elementor-widget-text-editor\" data-id=\"dfcb9f7\" data-element_type=\"widget\" data-e-type=\"widget\" data-widget_type=\"text-editor.default\">\n\t\t\t\t<div class=\"elementor-widget-container\">\n\t\t\t\t\t\t\t\t\t<p>Imprimaci\u00f3n a base de poliuretano<\/p>\t\t\t\t\t\t\t\t<\/div>\n\t\t\t\t<\/div>\n\t\t\t\t<div class=\"elementor-element elementor-element-7636e06 elementor-widget__width-initial elementor-widget elementor-widget-text-editor\" data-id=\"7636e06\" data-element_type=\"widget\" data-e-type=\"widget\" data-widget_type=\"text-editor.default\">\n\t\t\t\t<div class=\"elementor-widget-container\">\n\t\t\t\t\t\t\t\t\t<p>SwiftSeal P 150 es una imprimaci\u00f3n bicomponente a base de poliuretano dise\u00f1ada para ser utilizada junto con espumas de poliuretano en spray y acabados de poliurea\/h\u00edbridos. Mejora la adherencia entre los sustratos y la espuma pulverizada o los acabados de poliurea. F\u00e1cil de aplicar con brocha, rodillo o dosificador, sella las superficies porosas, reduce los poros y garantiza una uni\u00f3n fuerte y duradera.<\/p>\t\t\t\t\t\t\t\t<\/div>\n\t\t\t\t<\/div>\n\t\t\t\t<div class=\"elementor-element elementor-element-ca86b0c elementor-align-left elementor-mobile-align-left elementor-widget elementor-widget-button\" data-id=\"ca86b0c\" data-element_type=\"widget\" data-e-type=\"widget\" data-widget_type=\"button.default\">\n\t\t\t\t<div class=\"elementor-widget-container\">\n\t\t\t\t\t\t\t\t\t<div class=\"elementor-button-wrapper\">\n\t\t\t\t\t<a class=\"elementor-button elementor-button-link elementor-size-sm\" href=\"\/es\/where-to-buy\/\">\n\t\t\t\t\t\t<span class=\"elementor-button-content-wrapper\">\n\t\t\t\t\t\t\t\t\t<span class=\"elementor-button-text\">Hable con un experto<\/span>\n\t\t\t\t\t<\/span>\n\t\t\t\t\t<\/a>\n\t\t\t\t<\/div>\n\t\t\t\t\t\t\t\t<\/div>\n\t\t\t\t<\/div>\n\t\t\t\t\t<\/div>\n\t\t<\/div>\n\t\t\t\t\t<\/div>\n\t\t<\/section>\n\t\t\t\t<section class=\"elementor-section elementor-top-section elementor-element elementor-element-bb32b00 elementor-section-full_width KeyFeatureBG elementor-section-height-default elementor-section-height-default\" data-id=\"bb32b00\" data-element_type=\"section\" data-e-type=\"section\" data-settings=\"{&quot;background_background&quot;:&quot;gradient&quot;}\">\n\t\t\t\t\t\t<div class=\"elementor-container elementor-column-gap-default\">\n\t\t\t\t\t<div class=\"elementor-column elementor-col-100 elementor-top-column elementor-element elementor-element-60f0655\" data-id=\"60f0655\" data-element_type=\"column\" data-e-type=\"column\">\n\t\t\t<div class=\"elementor-widget-wrap elementor-element-populated\">\n\t\t\t\t\t\t<section class=\"elementor-section elementor-inner-section elementor-element elementor-element-d725b21 elementor-section-boxed elementor-section-height-default elementor-section-height-default\" data-id=\"d725b21\" data-element_type=\"section\" data-e-type=\"section\">\n\t\t\t\t\t\t<div class=\"elementor-container elementor-column-gap-default\">\n\t\t\t\t\t<div class=\"elementor-column elementor-col-50 elementor-inner-column elementor-element elementor-element-11551d4\" data-id=\"11551d4\" data-element_type=\"column\" data-e-type=\"column\">\n\t\t\t<div class=\"elementor-widget-wrap elementor-element-populated\">\n\t\t\t\t\t\t<div class=\"elementor-element elementor-element-8f6f6e9 elementor-widget elementor-widget-heading\" data-id=\"8f6f6e9\" data-element_type=\"widget\" data-e-type=\"widget\" data-widget_type=\"heading.default\">\n\t\t\t\t<div class=\"elementor-widget-container\">\n\t\t\t\t\t<h2 class=\"elementor-heading-title elementor-size-default\">Propiedades clave<\/h2>\t\t\t\t<\/div>\n\t\t\t\t<\/div>\n\t\t\t\t<div class=\"elementor-element elementor-element-a9e4da6 elementor-widget elementor-widget-image-box\" data-id=\"a9e4da6\" data-element_type=\"widget\" data-e-type=\"widget\" data-widget_type=\"image-box.default\">\n\t\t\t\t<div class=\"elementor-widget-container\">\n\t\t\t\t\t<div class=\"elementor-image-box-wrapper\"><div class=\"elementor-image-box-content\"><h3 class=\"elementor-image-box-title\">1:1 por volumen<\/h3><p class=\"elementor-image-box-description\">RELACI\u00d3N DE MEZCLA<\/p><\/div><\/div>\t\t\t\t<\/div>\n\t\t\t\t<\/div>\n\t\t\t\t<div class=\"elementor-element elementor-element-36281c2 elementor-widget-divider--view-line elementor-widget elementor-widget-divider\" data-id=\"36281c2\" data-element_type=\"widget\" data-e-type=\"widget\" data-widget_type=\"divider.default\">\n\t\t\t\t<div class=\"elementor-widget-container\">\n\t\t\t\t\t\t\t<div class=\"elementor-divider\">\n\t\t\t<span class=\"elementor-divider-separator\">\n\t\t\t\t\t\t<\/span>\n\t\t<\/div>\n\t\t\t\t\t\t<\/div>\n\t\t\t\t<\/div>\n\t\t\t\t<div class=\"elementor-element elementor-element-b75bbe5 elementor-widget elementor-widget-image-box\" data-id=\"b75bbe5\" data-element_type=\"widget\" data-e-type=\"widget\" data-widget_type=\"image-box.default\">\n\t\t\t\t<div class=\"elementor-widget-container\">\n\t\t\t\t\t<div class=\"elementor-image-box-wrapper\"><div class=\"elementor-image-box-content\"><h3 class=\"elementor-image-box-title\">5-38\u00b0C (40-100\u00b0F)<\/h3><p class=\"elementor-image-box-description\">TEMPERATURA DEL SUSTRATO<\/p><\/div><\/div>\t\t\t\t<\/div>\n\t\t\t\t<\/div>\n\t\t\t\t\t<\/div>\n\t\t<\/div>\n\t\t\t\t<div class=\"elementor-column elementor-col-50 elementor-inner-column elementor-element elementor-element-217e9c2 docTypeCol\" data-id=\"217e9c2\" data-element_type=\"column\" data-e-type=\"column\">\n\t\t\t<div class=\"elementor-widget-wrap elementor-element-populated\">\n\t\t\t\t\t\t<div class=\"elementor-element elementor-element-5d2151e elementor-widget elementor-widget-heading\" data-id=\"5d2151e\" data-element_type=\"widget\" data-e-type=\"widget\" data-widget_type=\"heading.default\">\n\t\t\t\t<div class=\"elementor-widget-container\">\n\t\t\t\t\t<h2 class=\"elementor-heading-title elementor-size-default\">Documentos y recursos<\/h2>\t\t\t\t<\/div>\n\t\t\t\t<\/div>\n\t\t\t\t<div class=\"elementor-element elementor-element-428f987 elementor-widget elementor-widget-shortcode\" data-id=\"428f987\" data-element_type=\"widget\" data-e-type=\"widget\" data-widget_type=\"shortcode.default\">\n\t\t\t\t<div class=\"elementor-widget-container\">\n\t\t\t\t\t<style>.elementor-element-428f987{display:none !important}<\/style>\t\t\t\t<\/div>\n\t\t\t\t<\/div>\n\t\t\t\t<div class=\"elementor-element elementor-element-109c9e1 elementor-align-center elementor-widget elementor-widget-button\" data-id=\"109c9e1\" data-element_type=\"widget\" data-e-type=\"widget\" data-widget_type=\"button.default\">\n\t\t\t\t<div class=\"elementor-widget-container\">\n\t\t\t\t\t<style>.elementor-element-109c9e1{display:none !important}<\/style>\t\t\t\t<\/div>\n\t\t\t\t<\/div>\n\t\t\t\t\t<\/div>\n\t\t<\/div>\n\t\t\t\t\t<\/div>\n\t\t<\/section>\n\t\t\t\t<section class=\"elementor-section elementor-inner-section elementor-element elementor-element-2f6e54f elementor-section-boxed elementor-section-height-default elementor-section-height-default\" data-id=\"2f6e54f\" data-element_type=\"section\" data-e-type=\"section\">\n\t\t\t\t\t\t<div class=\"elementor-container elementor-column-gap-default\">\n\t\t\t\t\t<div class=\"elementor-column elementor-col-100 elementor-inner-column elementor-element elementor-element-d25cb9d\" data-id=\"d25cb9d\" data-element_type=\"column\" data-e-type=\"column\">\n\t\t\t<div class=\"elementor-widget-wrap elementor-element-populated\">\n\t\t\t\t\t\t<div class=\"elementor-element elementor-element-855d30f elementor-widget elementor-widget-heading\" data-id=\"855d30f\" data-element_type=\"widget\" data-e-type=\"widget\" data-widget_type=\"heading.default\">\n\t\t\t\t<div class=\"elementor-widget-container\">\n\t\t\t\t\t<h2 class=\"elementor-heading-title elementor-size-default\">Caracter\u00edsticas<\/h2>\t\t\t\t<\/div>\n\t\t\t\t<\/div>\n\t\t\t\t\t<\/div>\n\t\t<\/div>\n\t\t\t\t\t<\/div>\n\t\t<\/section>\n\t\t\t\t<section class=\"elementor-section elementor-inner-section elementor-element elementor-element-855669a proHighSLider ovetHidden sliderFullWidth elementor-section-boxed elementor-section-height-default elementor-section-height-default\" data-id=\"855669a\" data-element_type=\"section\" data-e-type=\"section\">\n\t\t\t\t\t\t<div class=\"elementor-container elementor-column-gap-default\">\n\t\t\t\t\t<div class=\"elementor-column elementor-col-100 elementor-inner-column elementor-element elementor-element-fdd6da4\" data-id=\"fdd6da4\" data-element_type=\"column\" data-e-type=\"column\">\n\t\t\t<div class=\"elementor-widget-wrap elementor-element-populated\">\n\t\t\t\t\t\t<div class=\"elementor-element elementor-element-01db0cb productHighlightsBox elementor-widget elementor-widget-shortcode\" data-id=\"01db0cb\" data-element_type=\"widget\" data-e-type=\"widget\" data-widget_type=\"shortcode.default\">\n\t\t\t\t<div class=\"elementor-widget-container\">\n\t\t\t\t\t\t\t<div class=\"elementor-shortcode\"><div id=\"productHighlights\" class=\"productHighlights\"><div class=\"productsHigh\" style=\"background-image: url();\">\n\t\t        <div class=\"productsOverlay\">\n\t\t            <div class=\"labelsTop\">\n\t\t                <h5>01<\/h5>\n\t\t                <h3>Ideal para poliurea y poliuretano<\/h3>\n\t\t                <p>Mejora la adherencia de la espuma de poliuretano pulverizada y los acabados de poliurea\/h\u00edbridos.<\/p>\n\t\t            <\/div>\n\t\t            <a href=\"\" class=\"learnMoreBtn\"><\/a>\n\t\t        <\/div>\n\t\t    <\/div><div class=\"productsHigh\" style=\"background-image: url();\">\n\t\t        <div class=\"productsOverlay\">\n\t\t            <div class=\"labelsTop\">\n\t\t                <h5>02<\/h5>\n\t\t                <h3>Mejora la adherencia<\/h3>\n\t\t                <p>Compatible con sustratos de hormig\u00f3n y acero al carbono para pegado o revestimiento.<\/p>\n\t\t            <\/div>\n\t\t            <a href=\"\" class=\"learnMoreBtn\"><\/a>\n\t\t        <\/div>\n\t\t    <\/div><div class=\"productsHigh\" style=\"background-image: url();\">\n\t\t        <div class=\"productsOverlay\">\n\t\t            <div class=\"labelsTop\">\n\t\t                <h5>03<\/h5>\n\t\t                <h3>Ayuda a reducir los agujeros de alfiler<\/h3>\n\t\t                <p>Puede reducir la formaci\u00f3n de agujeros en superficies porosas y sellar el hormig\u00f3n para el revestimiento superior.<\/p>\n\t\t            <\/div>\n\t\t            <a href=\"\" class=\"learnMoreBtn\"><\/a>\n\t\t        <\/div>\n\t\t    <\/div><\/div><\/div>\n\t\t\t\t\t\t<\/div>\n\t\t\t\t<\/div>\n\t\t\t\t\t<\/div>\n\t\t<\/div>\n\t\t\t\t\t<\/div>\n\t\t<\/section>\n\t\t\t\t\t<\/div>\n\t\t<\/div>\n\t\t\t\t\t<\/div>\n\t\t<\/section>\n\t\t\t\t<\/div>","protected":false},"excerpt":{"rendered":"<p>Elastochem Product SwiftSeal P 150 Polyurethane Based Primer SwiftSeal P 150 is a two-component polyurethane based primer designed to be used in conjunction with spray polyurethane foam and polyurea\/hybrid topcoats. It enhances adhesion between substrates and spray foam or polyurea topcoats. Easy to apply by brush, roller, or proportioner, it seals porous surfaces, reduces pinholes, [&hellip;]<\/p>\n","protected":false},"featured_media":0,"parent":0,"menu_order":0,"template":"","product_category":[89],"class_list":["post-10862","product","type-product","status-publish","hentry","product_category-primers"],"acf":[],"_links":{"self":[{"href":"https:\/\/elastochem.com\/es\/wp-json\/wp\/v2\/product\/10862","targetHints":{"allow":["GET"]}}],"collection":[{"href":"https:\/\/elastochem.com\/es\/wp-json\/wp\/v2\/product"}],"about":[{"href":"https:\/\/elastochem.com\/es\/wp-json\/wp\/v2\/types\/product"}],"version-history":[{"count":1,"href":"https:\/\/elastochem.com\/es\/wp-json\/wp\/v2\/product\/10862\/revisions"}],"predecessor-version":[{"id":13776,"href":"https:\/\/elastochem.com\/es\/wp-json\/wp\/v2\/product\/10862\/revisions\/13776"}],"wp:attachment":[{"href":"https:\/\/elastochem.com\/es\/wp-json\/wp\/v2\/media?parent=10862"}],"wp:term":[{"taxonomy":"product_category","embeddable":true,"href":"https:\/\/elastochem.com\/es\/wp-json\/wp\/v2\/product_category?post=10862"}],"curies":[{"name":"wp","href":"https:\/\/api.w.org\/{rel}","templated":true}]}}